{"id":1049,"date":"2024-02-22T16:28:49","date_gmt":"2024-02-22T15:28:49","guid":{"rendered":"https:\/\/www.brutalka.sk\/?page_id=1049"},"modified":"2026-01-21T13:13:50","modified_gmt":"2026-01-21T12:13:50","slug":"2-z-dane","status":"publish","type":"page","link":"https:\/\/www.brutalka.sk\/?page_id=1049","title":{"rendered":"2% z dane"},"content":{"rendered":"<div class=\"wp-block-image\">\n<figure class=\"aligncenter size-large\"><img loading=\"lazy\" decoding=\"async\" width=\"1024\" height=\"724\" src=\"https:\/\/www.brutalka.sk\/wp-content\/uploads\/2025\/02\/2025_compressed-1024x724.jpg\" alt=\"\" class=\"wp-image-1309\" srcset=\"https:\/\/www.brutalka.sk\/wp-content\/uploads\/2025\/02\/2025_compressed-1024x724.jpg 1024w, https:\/\/www.brutalka.sk\/wp-content\/uploads\/2025\/02\/2025_compressed-300x212.jpg 300w, https:\/\/www.brutalka.sk\/wp-content\/uploads\/2025\/02\/2025_compressed-768x543.jpg 768w, https:\/\/www.brutalka.sk\/wp-content\/uploads\/2025\/02\/2025_compressed-1536x1085.jpg 1536w, https:\/\/www.brutalka.sk\/wp-content\/uploads\/2025\/02\/2025_compressed-2048x1447.jpg 2048w\" sizes=\"auto, (max-width: 1024px) 100vw, 1024px\" \/><\/figure><\/div>\n\n\n<p class=\"has-medium-font-size\">N\u00e1zov: Brut\u00e1lka Zvolen o.z.<\/p>\n\n\n\n<p class=\"has-medium-font-size\">I\u010cO: 50225057<\/p>\n\n\n\n<div class=\"wp-block-columns is-layout-flex wp-container-core-columns-is-layout-2 wp-block-columns-is-layout-flex\">\n<div class=\"wp-block-column is-layout-flow wp-block-column-is-layout-flow\" style=\"flex-basis:100%\">\n<div class=\"wp-block-columns is-layout-flex wp-container-core-columns-is-layout-1 wp-block-columns-is-layout-flex\">\n<div class=\"wp-block-column is-layout-flow wp-block-column-is-layout-flow\">\n<div data-wp-interactive=\"core\/file\" class=\"wp-block-file\"><object data-wp-bind--hidden=\"!state.hasPdfPreview\" hidden class=\"wp-block-file__embed\" data=\"https:\/\/www.brutalka.sk\/wp-content\/uploads\/2026\/01\/Vyhlasenie2025.pdf\" type=\"application\/pdf\" style=\"width:100%;height:600px\" aria-label=\"Vlo\u017ei\u0165 Vyhlasenie2025.\"><\/object><a id=\"wp-block-file--media-d530d9a7-0663-44a1-84af-772ca00b725a\" href=\"https:\/\/www.brutalka.sk\/wp-content\/uploads\/2026\/01\/Vyhlasenie2025.pdf\">Vyhlasenie2025<\/a><a href=\"https:\/\/www.brutalka.sk\/wp-content\/uploads\/2026\/01\/Vyhlasenie2025.pdf\" class=\"wp-block-file__button wp-element-button\" download aria-describedby=\"wp-block-file--media-d530d9a7-0663-44a1-84af-772ca00b725a\">Stiahnu\u0165<\/a><\/div>\n<\/div>\n\n\n\n<div class=\"wp-block-column is-layout-flow wp-block-column-is-layout-flow\">\n<h2 class=\"wp-block-heading\"><strong>Ako pouk\u00e1za\u0165 podiel zaplatenej dane?<\/strong><\/h2>\n\n\n\n<p>Podiel zaplatenej dane sa poukazuje dvomi sp\u00f4sobmi.<\/p>\n\n\n\n<h3 class=\"wp-block-heading\"><strong>Pod\u00e1vam si da\u0148ov\u00e9 priznanie s\u00e1m<\/strong><\/h3>\n\n\n\n<ul class=\"wp-block-list\">\n<li>Vypl\u0148te\u00a0<strong>vyhl\u00e1senie na pouk\u00e1zanie podielu zaplatenej dane<\/strong>\u00a0vypln\u00edte\u00a0<strong>priamo v\u00a0da\u0148ovom\u00a0priznan\u00ed\u00a0<\/strong>k\u00a0dani z\u00a0pr\u00edjmov.<\/li>\n\n\n\n<li>N\u00e1sledne vyplnen\u00e9 da\u0148ov\u00e9 priznanie pod\u00e1te\u00a0<strong>do 31. marca<\/strong>\u00a0pr\u00edslu\u0161n\u00e9ho roka (ak 31. marec pripad\u00e1 na vo\u013en\u00fd de\u0148, pos\u00fava sa term\u00edn na nasleduj\u00faci pracovn\u00fd de\u0148) bu\u010f\u00a0<strong>osobne, po\u0161tou\u00a0<\/strong>na da\u0148ov\u00fd \u00farad pr\u00edslu\u0161n\u00fd pod\u013ea v\u00e1\u0161ho trval\u00e9ho pobytu alebo<strong>\u00a0<\/strong><strong><a href=\"https:\/\/www.slovensko.sk\/sk\/zivotne-situacie\/zivotna-situacia\/_ako-podat-danove-priznanie-ele\/\">elektronicky<\/a>\u00a0<\/strong>(d\u00e1vajte\u00a0si pozor na to, \u010di sa v\u00e1s net\u00fdka povinn\u00e1 elektronick\u00e1 komunik\u00e1cia s Finan\u010dnou spr\u00e1vou SR).\u00a0Ak tento de\u0148 pripadne na sobotu, nede\u013eu alebo de\u0148 pracovn\u00e9ho pokoja, posledn\u00fdm d\u0148om lehoty je nasleduj\u00faci pracovn\u00fd de\u0148.<\/li>\n<\/ul>\n\n\n\n<p><strong>Pozn\u00e1mka:<br><\/strong>Na zistenie miestnej pr\u00edslu\u0161nosti da\u0148ov\u00e9ho \u00faradu m\u00f4\u017eete pou\u017ei\u0165&nbsp;<a href=\"https:\/\/www.financnasprava.sk\/sk\/elektronicke-sluzby\/verejne-sluzby\/zistenie-miestnej-prislusnost\" target=\"_blank\" rel=\"noreferrer noopener\">slu\u017ebu Finan\u010dnej spr\u00e1vy SR<\/a>.<\/p>\n\n\n\n<h3 class=\"wp-block-heading\"><strong>Da\u0148ov\u00e9 priznanie za m\u0148a pod\u00e1va zamestn\u00e1vate\u013e<\/strong><\/h3>\n\n\n\n<ul class=\"wp-block-list\">\n<li>Vyhl\u00e1senie o\u00a0pouk\u00e1zan\u00ed podielu zaplatenej dane pod\u00e1te<strong>\u00a0<a href=\"https:\/\/pfseform.financnasprava.sk\/Formulare\/eFormVzor\/DP\/form.527.html\" target=\"_blank\" rel=\"noreferrer noopener\">na osobitnom tla\u010dive<\/a><\/strong>,\u00a0ktor\u00e9 m\u00e1\u00a0predp\u00edsan\u00fa \u0161trukt\u00farovan\u00fa formu.\u00a0<\/li>\n\n\n\n<li>K\u00a0vyplnen\u00e9mu tla\u010divu na \u00fa\u010dely vyhl\u00e1senia dolo\u017e\u00edte aj potvrdenie od zamestn\u00e1vate\u013ea o zaplaten\u00ed dane z pr\u00edjmov zo zamestnania a\u00a0pod\u00e1te ho\u00a0<strong>do 30. apr\u00edla\u00a0<\/strong>pr\u00edslu\u0161n\u00e9ho roka\u00a0<strong>osobne<\/strong>\u00a0alebo<strong>\u00a0po\u0161tou<\/strong>\u00a0na ktor\u00fdko\u013evek da\u0148ov\u00fd\u00a0\u00farad alebo da\u0148ov\u00fd \u00farad pr\u00edslu\u0161n\u00fd pod\u013ea trval\u00e9ho pobytu.\u00a0Ak tento de\u0148 pripadne na sobotu, nede\u013eu alebo de\u0148 pracovn\u00e9ho pokoja, posledn\u00fdm d\u0148om lehoty je nasleduj\u00faci pracovn\u00fd de\u0148.<\/li>\n<\/ul>\n<\/div>\n<\/div>\n<\/div>\n<\/div>\n\n\n\n<h2 class=\"wp-block-heading\"><strong>Ko\u013eko percent m\u00f4\u017eem pouk\u00e1za\u0165?<\/strong><\/h2>\n\n\n\n<h3 class=\"wp-block-heading\"><strong>Som fyzick\u00e1 osoba&nbsp;a nevykon\u00e1vam dobrovo\u013en\u00edcku \u010dinnos\u0165<\/strong><\/h3>\n\n\n\n<p><strong><\/strong>Poukazujem podiel vo v\u00fd\u0161ke 2 %.<\/p>\n\n\n\n<h3 class=\"wp-block-heading\"><strong>Som fyzick\u00e1 osoba a&nbsp;vykon\u00e1vam dobrovo\u013en\u00edcku \u010dinnos\u0165<\/strong><\/h3>\n\n\n\n<p><strong><\/strong>Poukazujem podiel vo v\u00fd\u0161ke 3 %, ak som v&nbsp;s\u00favisiacom zda\u0148ovacom obdob\u00ed vykon\u00e1val\/a dobrovo\u013en\u00edcku \u010dinnos\u0165 najmenej 40 hod\u00edn a&nbsp;predlo\u017e\u00edm o&nbsp;tom p\u00edsomn\u00e9 potvrdenie.<\/p>\n\n\n\n<p><a href=\"https:\/\/www.slov-lex.sk\/pravne-predpisy\/SK\/ZZ\/2011\/406\/20160101#paragraf-4.odsek-9\" target=\"_blank\" rel=\"noreferrer noopener\">P\u00edsomn\u00e9 potvrdenie potvrdzuj\u00face dobrovo\u013en\u00edcku \u010dinnos\u0165<\/a>&nbsp;obsahuje inform\u00e1cie o trvan\u00ed, rozsahu, obsahu dobrovo\u013en\u00edckej \u010dinnosti spolu s&nbsp;p\u00edsomn\u00fdm hodnoten\u00edm dobrovo\u013en\u00edckej \u010dinnosti. Potvrdenie vyd\u00e1 prij\u00edmate\u013e dobrovo\u013en\u00edckej \u010dinnosti na \u017eiados\u0165 dobrovo\u013en\u00edka.<\/p>\n\n\n\n<h3 class=\"wp-block-heading\"><strong>Som pr\u00e1vnick\u00e1 osoba<\/strong><\/h3>\n\n\n\n<p><strong><\/strong>Poukazujem podiel vo v\u00fd\u0161ke 2 %, ak m\u00f4j podnik v&nbsp;s\u00favisiacom zda\u0148ovacom obdob\u00ed daroval finan\u010dn\u00e9 prostriedky najmenej vo v\u00fd\u0161ke, ktor\u00e1 zodpoved\u00e1 0,5 % zaplatenej dane subjekt\u00edvne ur\u010den\u00fdm da\u0148ovn\u00edkom (nem\u00f4\u017eu by\u0165 zalo\u017een\u00ed\/zriaden\u00ed na podnikanie) na verejnoprospe\u0161n\u00e9 \u00fa\u010dely. V opa\u010dnom pr\u00edpade poukazujem podiel iba vo v\u00fd\u0161ke 1 %.<\/p>\n","protected":false},"excerpt":{"rendered":"<p>N\u00e1zov: Brut\u00e1lka Zvolen o.z. I\u010cO: 50225057 Ako pouk\u00e1za\u0165 podiel zaplatenej dane? Podiel zaplatenej dane sa poukazuje dvomi sp\u00f4sobmi. Pod\u00e1vam si da\u0148ov\u00e9 priznanie s\u00e1m Pozn\u00e1mka:Na zistenie miestnej pr\u00edslu\u0161nosti da\u0148ov\u00e9ho \u00faradu m\u00f4\u017eete pou\u017ei\u0165&nbsp;slu\u017ebu Finan\u010dnej spr\u00e1vy SR. Da\u0148ov\u00e9 priznanie za m\u0148a pod\u00e1va zamestn\u00e1vate\u013e Ko\u013eko percent m\u00f4\u017eem pouk\u00e1za\u0165? Som fyzick\u00e1 osoba&nbsp;a nevykon\u00e1vam dobrovo\u013en\u00edcku \u010dinnos\u0165 Poukazujem podiel vo v\u00fd\u0161ke 2 [&hellip;]<\/p>\n","protected":false},"author":1,"featured_media":0,"parent":0,"menu_order":0,"comment_status":"closed","ping_status":"closed","template":"","meta":{"_monsterinsights_skip_tracking":false,"_monsterinsights_sitenote_active":false,"_monsterinsights_sitenote_note":"","_monsterinsights_sitenote_category":0,"footnotes":""},"class_list":["post-1049","page","type-page","status-publish","hentry"],"yoast_head":"<!-- This site is optimized with the Yoast SEO plugin v17.7.1 - https:\/\/yoast.com\/wordpress\/plugins\/seo\/ -->\n<title>2% z dane - Brutalka<\/title>\n<meta name=\"robots\" content=\"index, follow, max-snippet:-1, max-image-preview:large, max-video-preview:-1\" \/>\n<link rel=\"canonical\" href=\"https:\/\/www.brutalka.sk\/?page_id=1049\" \/>\n<meta property=\"og:locale\" content=\"sk_SK\" \/>\n<meta property=\"og:type\" content=\"article\" \/>\n<meta property=\"og:title\" content=\"2% z dane - Brutalka\" \/>\n<meta property=\"og:description\" content=\"N\u00e1zov: Brut\u00e1lka Zvolen o.z. I\u010cO: 50225057 Ako pouk\u00e1za\u0165 podiel zaplatenej dane? Podiel zaplatenej dane sa poukazuje dvomi sp\u00f4sobmi. Pod\u00e1vam si da\u0148ov\u00e9 priznanie s\u00e1m Pozn\u00e1mka:Na zistenie miestnej pr\u00edslu\u0161nosti da\u0148ov\u00e9ho \u00faradu m\u00f4\u017eete pou\u017ei\u0165&nbsp;slu\u017ebu Finan\u010dnej spr\u00e1vy SR. Da\u0148ov\u00e9 priznanie za m\u0148a pod\u00e1va zamestn\u00e1vate\u013e Ko\u013eko percent m\u00f4\u017eem pouk\u00e1za\u0165? Som fyzick\u00e1 osoba&nbsp;a nevykon\u00e1vam dobrovo\u013en\u00edcku \u010dinnos\u0165 Poukazujem podiel vo v\u00fd\u0161ke 2 [&hellip;]\" \/>\n<meta property=\"og:url\" content=\"https:\/\/www.brutalka.sk\/?page_id=1049\" \/>\n<meta property=\"og:site_name\" content=\"Brutalka\" \/>\n<meta property=\"article:modified_time\" content=\"2026-01-21T12:13:50+00:00\" \/>\n<meta property=\"og:image\" content=\"https:\/\/www.brutalka.sk\/wp-content\/uploads\/2025\/02\/2025_compressed-1024x724.jpg\" \/>\n<meta name=\"twitter:card\" content=\"summary_large_image\" \/>\n<meta name=\"twitter:label1\" content=\"Predpokladan\u00fd \u010das \u010d\u00edtania\" \/>\n\t<meta name=\"twitter:data1\" content=\"2 min\u00faty\" \/>\n<script type=\"application\/ld+json\" class=\"yoast-schema-graph\">{\"@context\":\"https:\/\/schema.org\",\"@graph\":[{\"@type\":\"WebSite\",\"@id\":\"https:\/\/www.brutalka.sk\/#website\",\"url\":\"https:\/\/www.brutalka.sk\/\",\"name\":\"Brutalka\",\"description\":\"\",\"potentialAction\":[{\"@type\":\"SearchAction\",\"target\":{\"@type\":\"EntryPoint\",\"urlTemplate\":\"https:\/\/www.brutalka.sk\/?s={search_term_string}\"},\"query-input\":\"required name=search_term_string\"}],\"inLanguage\":\"sk-SK\"},{\"@type\":\"ImageObject\",\"@id\":\"https:\/\/www.brutalka.sk\/?page_id=1049#primaryimage\",\"inLanguage\":\"sk-SK\",\"url\":\"https:\/\/www.brutalka.sk\/wp-content\/uploads\/2025\/02\/2025_compressed-scaled.jpg\",\"contentUrl\":\"https:\/\/www.brutalka.sk\/wp-content\/uploads\/2025\/02\/2025_compressed-scaled.jpg\",\"width\":2560,\"height\":1809},{\"@type\":\"WebPage\",\"@id\":\"https:\/\/www.brutalka.sk\/?page_id=1049#webpage\",\"url\":\"https:\/\/www.brutalka.sk\/?page_id=1049\",\"name\":\"2% z dane - Brutalka\",\"isPartOf\":{\"@id\":\"https:\/\/www.brutalka.sk\/#website\"},\"primaryImageOfPage\":{\"@id\":\"https:\/\/www.brutalka.sk\/?page_id=1049#primaryimage\"},\"datePublished\":\"2024-02-22T15:28:49+00:00\",\"dateModified\":\"2026-01-21T12:13:50+00:00\",\"breadcrumb\":{\"@id\":\"https:\/\/www.brutalka.sk\/?page_id=1049#breadcrumb\"},\"inLanguage\":\"sk-SK\",\"potentialAction\":[{\"@type\":\"ReadAction\",\"target\":[\"https:\/\/www.brutalka.sk\/?page_id=1049\"]}]},{\"@type\":\"BreadcrumbList\",\"@id\":\"https:\/\/www.brutalka.sk\/?page_id=1049#breadcrumb\",\"itemListElement\":[{\"@type\":\"ListItem\",\"position\":1,\"name\":\"Home\",\"item\":\"https:\/\/www.brutalka.sk\/\"},{\"@type\":\"ListItem\",\"position\":2,\"name\":\"2% z dane\"}]}]}<\/script>\n<!-- \/ Yoast SEO plugin. -->","yoast_head_json":{"title":"2% z dane - Brutalka","robots":{"index":"index","follow":"follow","max-snippet":"max-snippet:-1","max-image-preview":"max-image-preview:large","max-video-preview":"max-video-preview:-1"},"canonical":"https:\/\/www.brutalka.sk\/?page_id=1049","og_locale":"sk_SK","og_type":"article","og_title":"2% z dane - Brutalka","og_description":"N\u00e1zov: Brut\u00e1lka Zvolen o.z. I\u010cO: 50225057 Ako pouk\u00e1za\u0165 podiel zaplatenej dane? Podiel zaplatenej dane sa poukazuje dvomi sp\u00f4sobmi. Pod\u00e1vam si da\u0148ov\u00e9 priznanie s\u00e1m Pozn\u00e1mka:Na zistenie miestnej pr\u00edslu\u0161nosti da\u0148ov\u00e9ho \u00faradu m\u00f4\u017eete pou\u017ei\u0165&nbsp;slu\u017ebu Finan\u010dnej spr\u00e1vy SR. Da\u0148ov\u00e9 priznanie za m\u0148a pod\u00e1va zamestn\u00e1vate\u013e Ko\u013eko percent m\u00f4\u017eem pouk\u00e1za\u0165? Som fyzick\u00e1 osoba&nbsp;a nevykon\u00e1vam dobrovo\u013en\u00edcku \u010dinnos\u0165 Poukazujem podiel vo v\u00fd\u0161ke 2 [&hellip;]","og_url":"https:\/\/www.brutalka.sk\/?page_id=1049","og_site_name":"Brutalka","article_modified_time":"2026-01-21T12:13:50+00:00","og_image":[{"url":"https:\/\/www.brutalka.sk\/wp-content\/uploads\/2025\/02\/2025_compressed-1024x724.jpg"}],"twitter_card":"summary_large_image","twitter_misc":{"Predpokladan\u00fd \u010das \u010d\u00edtania":"2 min\u00faty"},"schema":{"@context":"https:\/\/schema.org","@graph":[{"@type":"WebSite","@id":"https:\/\/www.brutalka.sk\/#website","url":"https:\/\/www.brutalka.sk\/","name":"Brutalka","description":"","potentialAction":[{"@type":"SearchAction","target":{"@type":"EntryPoint","urlTemplate":"https:\/\/www.brutalka.sk\/?s={search_term_string}"},"query-input":"required name=search_term_string"}],"inLanguage":"sk-SK"},{"@type":"ImageObject","@id":"https:\/\/www.brutalka.sk\/?page_id=1049#primaryimage","inLanguage":"sk-SK","url":"https:\/\/www.brutalka.sk\/wp-content\/uploads\/2025\/02\/2025_compressed-scaled.jpg","contentUrl":"https:\/\/www.brutalka.sk\/wp-content\/uploads\/2025\/02\/2025_compressed-scaled.jpg","width":2560,"height":1809},{"@type":"WebPage","@id":"https:\/\/www.brutalka.sk\/?page_id=1049#webpage","url":"https:\/\/www.brutalka.sk\/?page_id=1049","name":"2% z dane - Brutalka","isPartOf":{"@id":"https:\/\/www.brutalka.sk\/#website"},"primaryImageOfPage":{"@id":"https:\/\/www.brutalka.sk\/?page_id=1049#primaryimage"},"datePublished":"2024-02-22T15:28:49+00:00","dateModified":"2026-01-21T12:13:50+00:00","breadcrumb":{"@id":"https:\/\/www.brutalka.sk\/?page_id=1049#breadcrumb"},"inLanguage":"sk-SK","potentialAction":[{"@type":"ReadAction","target":["https:\/\/www.brutalka.sk\/?page_id=1049"]}]},{"@type":"BreadcrumbList","@id":"https:\/\/www.brutalka.sk\/?page_id=1049#breadcrumb","itemListElement":[{"@type":"ListItem","position":1,"name":"Home","item":"https:\/\/www.brutalka.sk\/"},{"@type":"ListItem","position":2,"name":"2% z dane"}]}]}},"_links":{"self":[{"href":"https:\/\/www.brutalka.sk\/index.php?rest_route=\/wp\/v2\/pages\/1049","targetHints":{"allow":["GET"]}}],"collection":[{"href":"https:\/\/www.brutalka.sk\/index.php?rest_route=\/wp\/v2\/pages"}],"about":[{"href":"https:\/\/www.brutalka.sk\/index.php?rest_route=\/wp\/v2\/types\/page"}],"author":[{"embeddable":true,"href":"https:\/\/www.brutalka.sk\/index.php?rest_route=\/wp\/v2\/users\/1"}],"replies":[{"embeddable":true,"href":"https:\/\/www.brutalka.sk\/index.php?rest_route=%2Fwp%2Fv2%2Fcomments&post=1049"}],"version-history":[{"count":4,"href":"https:\/\/www.brutalka.sk\/index.php?rest_route=\/wp\/v2\/pages\/1049\/revisions"}],"predecessor-version":[{"id":2326,"href":"https:\/\/www.brutalka.sk\/index.php?rest_route=\/wp\/v2\/pages\/1049\/revisions\/2326"}],"wp:attachment":[{"href":"https:\/\/www.brutalka.sk\/index.php?rest_route=%2Fwp%2Fv2%2Fmedia&parent=1049"}],"curies":[{"name":"wp","href":"https:\/\/api.w.org\/{rel}","templated":true}]}}