{"id":118,"date":"2022-03-09T22:46:12","date_gmt":"2022-03-09T21:46:12","guid":{"rendered":"https:\/\/www.brutalka.sk\/?page_id=118"},"modified":"2026-03-26T18:08:40","modified_gmt":"2026-03-26T17:08:40","slug":"brutalka","status":"publish","type":"page","link":"https:\/\/www.brutalka.sk\/","title":{"rendered":"\u00davod"},"content":{"rendered":"\n<p>Brutalka lezeck\u00e1 stena predstavuje komplexn\u00e9 \u0161portovisko, ktor\u00e9 je pr\u00edstupn\u00e9 pre v\u0161etky vekov\u00e9 skupiny a lezcov r\u00f4znych zru\u010dnost\u00ed, od za\u010diato\u010dn\u00edkov po pokro\u010dil\u00fdch. U n\u00e1s n\u00e1jdu svoje miesto nielen t\u00ed, ktor\u00ed sa len za\u010d\u00ednaj\u00fa zauj\u00edma\u0165 o lezenie, ale aj sk\u00fasen\u00ed nad\u0161enci, ktor\u00ed h\u013eadaj\u00fa nov\u00e9 v\u00fdzvy.<\/p>\n\n\n\n<h2 class=\"wp-block-heading has-large-font-size\"><strong>\u010co u n\u00e1s n\u00e1jdete<\/strong><\/h2>\n\n\n\n<p>Kopec lezenia indoor a outdoor. Bouldering a aj lezenie s lanom.<\/p>\n\n\n\n<div class=\"wp-block-columns is-layout-flex wp-container-core-columns-is-layout-1 wp-block-columns-is-layout-flex\">\n<div class=\"wp-block-column is-layout-flow wp-block-column-is-layout-flow\">\n<figure class=\"wp-block-image size-large\"><img loading=\"lazy\" decoding=\"async\" width=\"1024\" height=\"683\" src=\"https:\/\/www.brutalka.sk\/wp-content\/uploads\/2025\/02\/IMG_3688-1024x683.jpg\" alt=\"\" class=\"wp-image-1321\" srcset=\"https:\/\/www.brutalka.sk\/wp-content\/uploads\/2025\/02\/IMG_3688-1024x683.jpg 1024w, https:\/\/www.brutalka.sk\/wp-content\/uploads\/2025\/02\/IMG_3688-300x200.jpg 300w, https:\/\/www.brutalka.sk\/wp-content\/uploads\/2025\/02\/IMG_3688-768x512.jpg 768w, https:\/\/www.brutalka.sk\/wp-content\/uploads\/2025\/02\/IMG_3688-1536x1024.jpg 1536w, https:\/\/www.brutalka.sk\/wp-content\/uploads\/2025\/02\/IMG_3688-2048x1365.jpg 2048w\" sizes=\"auto, (max-width: 1024px) 100vw, 1024px\" \/><figcaption class=\"wp-element-caption\">Bouldrovka<\/figcaption><\/figure>\n<\/div>\n\n\n\n<div class=\"wp-block-column is-layout-flow wp-block-column-is-layout-flow\">\n<figure class=\"wp-block-image size-large\"><img loading=\"lazy\" decoding=\"async\" width=\"1024\" height=\"683\" src=\"https:\/\/www.brutalka.sk\/wp-content\/uploads\/2025\/02\/IMG_3508-1024x683.jpg\" alt=\"\" class=\"wp-image-1320\" srcset=\"https:\/\/www.brutalka.sk\/wp-content\/uploads\/2025\/02\/IMG_3508-1024x683.jpg 1024w, https:\/\/www.brutalka.sk\/wp-content\/uploads\/2025\/02\/IMG_3508-300x200.jpg 300w, https:\/\/www.brutalka.sk\/wp-content\/uploads\/2025\/02\/IMG_3508-768x512.jpg 768w, https:\/\/www.brutalka.sk\/wp-content\/uploads\/2025\/02\/IMG_3508-1536x1024.jpg 1536w, https:\/\/www.brutalka.sk\/wp-content\/uploads\/2025\/02\/IMG_3508-2048x1365.jpg 2048w\" sizes=\"auto, (max-width: 1024px) 100vw, 1024px\" \/><figcaption class=\"wp-element-caption\">Stena s lanom<\/figcaption><\/figure>\n<\/div>\n\n\n\n<div class=\"wp-block-column is-layout-flow wp-block-column-is-layout-flow\">\n<figure class=\"wp-block-image size-full is-resized\"><img loading=\"lazy\" decoding=\"async\" width=\"980\" height=\"735\" src=\"https:\/\/www.brutalka.sk\/wp-content\/uploads\/2025\/02\/20230401_080221-980x735-1.jpg\" alt=\"\" class=\"wp-image-1330\" style=\"width:329px;height:246px\" srcset=\"https:\/\/www.brutalka.sk\/wp-content\/uploads\/2025\/02\/20230401_080221-980x735-1.jpg 980w, https:\/\/www.brutalka.sk\/wp-content\/uploads\/2025\/02\/20230401_080221-980x735-1-300x225.jpg 300w, https:\/\/www.brutalka.sk\/wp-content\/uploads\/2025\/02\/20230401_080221-980x735-1-768x576.jpg 768w\" sizes=\"auto, (max-width: 980px) 100vw, 980px\" \/><figcaption class=\"wp-element-caption\">Vonkaj\u0161ia bouldrovka<\/figcaption><\/figure>\n<\/div>\n<\/div>\n\n\n\n<p>Kr\u00fa\u017eky a kurzy pre deti aj dospel\u00fdch<\/p>\n\n\n\n<div class=\"wp-block-columns is-layout-flex wp-container-core-columns-is-layout-2 wp-block-columns-is-layout-flex\">\n<div class=\"wp-block-column is-layout-flow wp-block-column-is-layout-flow\">\n<figure class=\"wp-block-image size-large\"><img loading=\"lazy\" decoding=\"async\" width=\"1024\" height=\"577\" src=\"https:\/\/www.brutalka.sk\/wp-content\/uploads\/2022\/05\/1652119611888-1024x577.jpg\" alt=\"\" class=\"wp-image-363\" srcset=\"https:\/\/www.brutalka.sk\/wp-content\/uploads\/2022\/05\/1652119611888-1024x577.jpg 1024w, https:\/\/www.brutalka.sk\/wp-content\/uploads\/2022\/05\/1652119611888-300x169.jpg 300w, https:\/\/www.brutalka.sk\/wp-content\/uploads\/2022\/05\/1652119611888-768x432.jpg 768w, https:\/\/www.brutalka.sk\/wp-content\/uploads\/2022\/05\/1652119611888-1536x865.jpg 1536w, https:\/\/www.brutalka.sk\/wp-content\/uploads\/2022\/05\/1652119611888-2048x1153.jpg 2048w\" sizes=\"auto, (max-width: 1024px) 100vw, 1024px\" \/><figcaption class=\"wp-element-caption\">Detsk\u00fd k\u00fatik<\/figcaption><\/figure>\n<\/div>\n\n\n\n<div class=\"wp-block-column is-layout-flow wp-block-column-is-layout-flow\">\n<figure class=\"wp-block-image size-large\"><img loading=\"lazy\" decoding=\"async\" width=\"2560\" height=\"1438\" src=\"https:\/\/www.brutalka.sk\/wp-content\/uploads\/2025\/02\/1652617953790-edited-scaled.jpg\" alt=\"\" class=\"wp-image-1331\" srcset=\"https:\/\/www.brutalka.sk\/wp-content\/uploads\/2025\/02\/1652617953790-edited-scaled.jpg 2560w, https:\/\/www.brutalka.sk\/wp-content\/uploads\/2025\/02\/1652617953790-edited-300x169.jpg 300w, https:\/\/www.brutalka.sk\/wp-content\/uploads\/2025\/02\/1652617953790-edited-1024x575.jpg 1024w, https:\/\/www.brutalka.sk\/wp-content\/uploads\/2025\/02\/1652617953790-edited-768x432.jpg 768w, https:\/\/www.brutalka.sk\/wp-content\/uploads\/2025\/02\/1652617953790-edited-1536x863.jpg 1536w, https:\/\/www.brutalka.sk\/wp-content\/uploads\/2025\/02\/1652617953790-edited-2048x1151.jpg 2048w\" sizes=\"auto, (max-width: 2560px) 100vw, 2560px\" \/><figcaption class=\"wp-element-caption\">Kr\u00fa\u017eky pre deti<\/figcaption><\/figure>\n<\/div>\n\n\n\n<div class=\"wp-block-column is-layout-flow wp-block-column-is-layout-flow\">\n<figure class=\"wp-block-image size-large\"><img loading=\"lazy\" decoding=\"async\" width=\"2560\" height=\"1440\" src=\"https:\/\/www.brutalka.sk\/wp-content\/uploads\/2025\/02\/IMG_3560-edited-scaled.jpg\" alt=\"\" class=\"wp-image-1332\" srcset=\"https:\/\/www.brutalka.sk\/wp-content\/uploads\/2025\/02\/IMG_3560-edited-scaled.jpg 2560w, https:\/\/www.brutalka.sk\/wp-content\/uploads\/2025\/02\/IMG_3560-edited-300x169.jpg 300w, https:\/\/www.brutalka.sk\/wp-content\/uploads\/2025\/02\/IMG_3560-edited-1024x576.jpg 1024w, https:\/\/www.brutalka.sk\/wp-content\/uploads\/2025\/02\/IMG_3560-edited-768x432.jpg 768w, https:\/\/www.brutalka.sk\/wp-content\/uploads\/2025\/02\/IMG_3560-edited-1536x864.jpg 1536w, https:\/\/www.brutalka.sk\/wp-content\/uploads\/2025\/02\/IMG_3560-edited-2048x1152.jpg 2048w\" sizes=\"auto, (max-width: 2560px) 100vw, 2560px\" \/><figcaption class=\"wp-element-caption\">Kurzy pre dospel\u00fdch<\/figcaption><\/figure>\n<\/div>\n<\/div>\n\n\n\n<p>Tr\u00e9ning a cvi\u010denie<\/p>\n\n\n\n<div class=\"wp-block-columns is-layout-flex wp-container-core-columns-is-layout-3 wp-block-columns-is-layout-flex\">\n<div class=\"wp-block-column is-layout-flow wp-block-column-is-layout-flow\">\n<figure class=\"wp-block-image size-large\"><img loading=\"lazy\" decoding=\"async\" width=\"1024\" height=\"1024\" src=\"https:\/\/www.brutalka.sk\/wp-content\/uploads\/2025\/02\/DSC03325-2-1-scaled-1-1024x1024.jpg\" alt=\"\" class=\"wp-image-1328\" srcset=\"https:\/\/www.brutalka.sk\/wp-content\/uploads\/2025\/02\/DSC03325-2-1-scaled-1-1024x1024.jpg 1024w, https:\/\/www.brutalka.sk\/wp-content\/uploads\/2025\/02\/DSC03325-2-1-scaled-1-300x300.jpg 300w, https:\/\/www.brutalka.sk\/wp-content\/uploads\/2025\/02\/DSC03325-2-1-scaled-1-150x150.jpg 150w, https:\/\/www.brutalka.sk\/wp-content\/uploads\/2025\/02\/DSC03325-2-1-scaled-1-768x768.jpg 768w, https:\/\/www.brutalka.sk\/wp-content\/uploads\/2025\/02\/DSC03325-2-1-scaled-1-1536x1536.jpg 1536w, https:\/\/www.brutalka.sk\/wp-content\/uploads\/2025\/02\/DSC03325-2-1-scaled-1-2048x2048.jpg 2048w\" sizes=\"auto, (max-width: 1024px) 100vw, 1024px\" \/><figcaption class=\"wp-element-caption\">Posil\u0148ov\u0148a<\/figcaption><\/figure>\n<\/div>\n\n\n\n<div class=\"wp-block-column is-layout-flow wp-block-column-is-layout-flow\">\n<figure class=\"wp-block-image size-large\"><img loading=\"lazy\" decoding=\"async\" width=\"1024\" height=\"1024\" src=\"https:\/\/www.brutalka.sk\/wp-content\/uploads\/2025\/02\/20240430-DSC09585-1024x1024.jpg\" alt=\"\" class=\"wp-image-1327\" srcset=\"https:\/\/www.brutalka.sk\/wp-content\/uploads\/2025\/02\/20240430-DSC09585-1024x1024.jpg 1024w, https:\/\/www.brutalka.sk\/wp-content\/uploads\/2025\/02\/20240430-DSC09585-300x300.jpg 300w, https:\/\/www.brutalka.sk\/wp-content\/uploads\/2025\/02\/20240430-DSC09585-150x150.jpg 150w, https:\/\/www.brutalka.sk\/wp-content\/uploads\/2025\/02\/20240430-DSC09585-768x768.jpg 768w, https:\/\/www.brutalka.sk\/wp-content\/uploads\/2025\/02\/20240430-DSC09585.jpg 1500w\" sizes=\"auto, (max-width: 1024px) 100vw, 1024px\" \/><figcaption class=\"wp-element-caption\">Kardio z\u00f3na<\/figcaption><\/figure>\n<\/div>\n\n\n\n<div class=\"wp-block-column is-layout-flow wp-block-column-is-layout-flow\">\n<figure class=\"wp-block-image size-large\"><img loading=\"lazy\" decoding=\"async\" width=\"1024\" height=\"683\" src=\"https:\/\/www.brutalka.sk\/wp-content\/uploads\/2025\/02\/IMG_3656-1024x683.jpg\" alt=\"\" class=\"wp-image-1326\" srcset=\"https:\/\/www.brutalka.sk\/wp-content\/uploads\/2025\/02\/IMG_3656-1024x683.jpg 1024w, https:\/\/www.brutalka.sk\/wp-content\/uploads\/2025\/02\/IMG_3656-300x200.jpg 300w, https:\/\/www.brutalka.sk\/wp-content\/uploads\/2025\/02\/IMG_3656-768x512.jpg 768w, https:\/\/www.brutalka.sk\/wp-content\/uploads\/2025\/02\/IMG_3656-1536x1024.jpg 1536w, https:\/\/www.brutalka.sk\/wp-content\/uploads\/2025\/02\/IMG_3656-2048x1365.jpg 2048w\" sizes=\"auto, (max-width: 1024px) 100vw, 1024px\" \/><figcaption class=\"wp-element-caption\">Campus a pegboard, spraywall a hangboardy<\/figcaption><\/figure>\n<\/div>\n<\/div>\n\n\n\n<hr class=\"wp-block-separator has-css-opacity\"\/>\n\n\n\n<div class=\"wp-block-columns is-layout-flex wp-container-core-columns-is-layout-4 wp-block-columns-is-layout-flex\">\n<div class=\"wp-block-column is-layout-flow wp-block-column-is-layout-flow\">\n<p class=\"has-text-align-center has-large-font-size\"><strong><span class=\"has-inline-color has-vivid-cyan-blue-color\">OTV\u00c1RACIE HODINY<\/span><\/strong>:<\/p>\n\n\n\n<p class=\"has-text-align-center\"><strong>PO<\/strong>&nbsp;14:00 \u2013 21:00<br><br><strong>UT<\/strong>&nbsp;10:00 \u2013 21:00<br><br><strong>ST<\/strong>&nbsp;10:00 \u2013 21:00<br><br><strong>\u0160T<\/strong>&nbsp;10:00 \u2013 21:00<br><br><strong>PI<\/strong>&nbsp;14:00 \u2013 21:00<br><br><strong>SO<\/strong>&nbsp;10:00 \u2013 21:00<br><br><strong>NE<\/strong>&nbsp;10:00 \u2013 21:00<\/p>\n\n\n\n<p class=\"has-text-align-center\">Ve\u013ek\u00fd piatok                      <mark style=\"background-color:rgba(0, 0, 0, 0)\" class=\"has-inline-color has-vivid-red-color\"><strong>3.4.2026<\/strong>       10:00 &#8211; 21:00<\/mark><br>Ve\u013ekono\u010dn\u00fd pondelok       <mark style=\"background-color:rgba(0, 0, 0, 0)\" class=\"has-inline-color has-vivid-red-color\"><strong>6.4.2026<\/strong>       ZATVOREN\u00c9<\/mark><\/p>\n<\/div>\n\n\n\n<div class=\"wp-block-column is-layout-flow wp-block-column-is-layout-flow\">\n<p><strong>Kontakt<\/strong>: +421910700800 recepcia<\/p>\n\n\n\n<p><strong><strong>Kontakt oh\u013eadom <strong>kr\u00fa\u017ekov, t\u00e1borov a detsk\u00fdch programov<\/strong><\/strong><\/strong>: +421944472347 Barbora \u0160affov\u00e1<\/p>\n\n\n\n<p><strong>Kontakt oh\u013eadom kurzov a in\u0161trukt\u00e1\u017e\u00ed pre dospel\u00fdch:<\/strong> +421949416958 Eva Markov\u00e1 <\/p>\n\n\n\n<p><strong>Email:<\/strong> info@brutalka.sk, trener@brutalka.sk<\/p>\n<\/div>\n<\/div>\n\n\n\n<hr class=\"wp-block-separator has-css-opacity\"\/>\n\n\n\n<div class=\"wp-block-columns is-layout-flex wp-container-core-columns-is-layout-5 wp-block-columns-is-layout-flex\">\n<div class=\"wp-block-column is-layout-flow wp-block-column-is-layout-flow\">\n<h1 class=\"wp-block-heading has-text-align-center has-large-font-size\"><strong>Kto stoj\u00ed za Brutalkou?<\/strong><\/h1>\n\n\n\n<p class=\"has-text-align-center\">V minulosti sa liezlo v\u00e4\u010d\u0161inou v mal\u00fdch, ponur\u00fdch a m\u00e1lo nav\u0161tevovan\u00fdch z\u00e1kutiach lezeck\u00fdch telocvi\u010dn\u00ed, ktor\u00e9 ob\u00fdvali extr\u00e9mne drsn\u00ed chlapi a diev\u010dat\u00e1 tr\u00e9nuj\u00face na svoje projekty \u2013 miesto, ktor\u00e9 za\u010diato\u010dn\u00edkov znepokojovalo.<\/p>\n\n\n\n<p class=\"has-text-align-center\">V roku 2016 sme v Banskej Bystrici zrenovovali presne tak\u00fato drsn\u00fa bouldrovku do nov\u00e9ho svetla v ktorom sa lezenie stalo nez\u00e1visl\u00fdm \u0161portom pre ka\u017ed\u00e9ho!&nbsp;Nez\u00e1le\u017e\u00ed na tom, \u010di ste za\u010diato\u010dn\u00edk, rekrea\u010dn\u00fd boulderista alebo profesion\u00e1l &#8211; u n\u00e1s si ka\u017ed\u00fd n\u00e1jde t\u00fa spr\u00e1vnu v\u00fdzvu pre svoju \u00farove\u0148!<\/p>\n\n\n\n<p class=\"has-text-align-center\">Od apr\u00edla 2022 sme roz\u0161\u00edrili svoju \u010dinnos\u0165  o poriadnu modernu lezeck\u00fa stenu vo Zvolene na Lieskovskej ceste 6.&nbsp;Tam pos\u00favame lezenie na \u010fal\u0161iu \u00farove\u0148.<br><br>Kto? Lezeck\u00fd Klub CCCBBB <br>Caballo Climbing Club Bouldering Bansk\u00e1 Bystrica. Klub s viac ako 20 ro\u010dnou hist\u00f3riou. <\/p>\n\n\n\n<p>V s\u00fa\u010dasnej dobe na Brutalke p\u00f4sob\u00ed aj klub Brutalka Zvolen.<\/p>\n<\/div>\n\n\n\n<div class=\"wp-block-column is-layout-flow wp-block-column-is-layout-flow\">\n<figure class=\"wp-block-image size-large\"><img loading=\"lazy\" decoding=\"async\" width=\"768\" height=\"1024\" src=\"https:\/\/www.brutalka.sk\/wp-content\/uploads\/2024\/04\/IMG_20211214_200923-edited-768x1024.jpeg\" alt=\"\" class=\"wp-image-1136\" srcset=\"https:\/\/www.brutalka.sk\/wp-content\/uploads\/2024\/04\/IMG_20211214_200923-edited-768x1023.jpeg 768w, https:\/\/www.brutalka.sk\/wp-content\/uploads\/2024\/04\/IMG_20211214_200923-edited-225x300.jpeg 225w, https:\/\/www.brutalka.sk\/wp-content\/uploads\/2024\/04\/IMG_20211214_200923-edited-1153x1536.jpeg 1153w, https:\/\/www.brutalka.sk\/wp-content\/uploads\/2024\/04\/IMG_20211214_200923-edited.jpeg 1386w\" sizes=\"auto, (max-width: 768px) 100vw, 768px\" \/><figcaption class=\"wp-element-caption\">Stavba Brutalky<\/figcaption><\/figure>\n<\/div>\n<\/div>\n\n\n\n<p>Na\u0161a stena pon\u00faka \u0161irok\u00fa \u0161k\u00e1lu mo\u017enost\u00ed pre lezcov. Patr\u00ed medzi ne bouldrovka, detsk\u00fd k\u00fatik, vonkaj\u0161ia bouldrovka, stena s lanom, spraywall a plne vybaven\u00e1 posil\u0148ov\u0148a. To znamen\u00e1, \u017ee bez oh\u013eadu na va\u0161e preferencie \u010di \u00farove\u0148 zru\u010dnost\u00ed, m\u00e1me pre v\u00e1s nie\u010do vhodn\u00e9ho.<\/p>\n\n\n\n<p>Bouldrovka je ide\u00e1lna pre t\u00fdch, ktor\u00ed sa chc\u00fa zamera\u0165 na lezenie bez lana a vy\u017eaduje od lezcov vysok\u00fa \u00farove\u0148 techniky a silu. Pre deti m\u00e1me pripraven\u00fd \u0161peci\u00e1lny k\u00fatik, kde sa m\u00f4\u017eu bezpe\u010dne a s rados\u0165ou u\u010di\u0165 z\u00e1klady lezenia. Vonkaj\u0161ia bouldrovka prid\u00e1va do mixu pr\u00edrodn\u00fd prvok a nov\u00e9 v\u00fdzvy.<\/p>\n\n\n\n<p>Stena s lanom poskytuje mo\u017enos\u0165 lezenia s isten\u00edm, \u010do umo\u017e\u0148uje lep\u0161iu kontrolu nad pohybom a bezpe\u010dnos\u0165 pri zdolan\u00ed vy\u0161\u0161\u00edch tr\u00e1s. Spraywall je miesto, kde sa m\u00f4\u017eete vo\u013ene vyjadri\u0165 a tr\u00e9nova\u0165 svoje lezeck\u00e9 umenie na jedine\u010dnej ploche. A pre t\u00fdch, ktor\u00ed chc\u00fa posilni\u0165 svoje telo a zlep\u0161i\u0165 svoju fyzick\u00fa kond\u00edciu, je tu na\u0161a modern\u00e1 posil\u0148ov\u0148a.<\/p>\n\n\n\n<p>Celkovo sa sna\u017e\u00edme vytvori\u0165 prostredie, kde sa ka\u017ed\u00fd m\u00f4\u017ee zapoji\u0165 a rozv\u00edja\u0165 svoju v\u00e1\u0161e\u0148 pre lezenie bez oh\u013eadu na vek \u010di \u00farove\u0148 sk\u00fasenost\u00ed. Na\u0161a stena je viac ne\u017e len \u0161portovisko &#8211; je to miesto, kde sa stret\u00e1vaj\u00fa rovnako zm\u00fd\u0161\u013eaj\u00faci \u013eudia a vytv\u00e1ra sa komunita zdie\u013eaj\u00faca l\u00e1sku k lezeniu.<\/p>\n\n\n\n<hr class=\"wp-block-separator has-css-opacity\"\/>\n\n\n\n<div class=\"wp-block-columns is-layout-flex wp-container-core-columns-is-layout-6 wp-block-columns-is-layout-flex\">\n<div class=\"wp-block-column is-layout-flow wp-block-column-is-layout-flow\"><\/div>\n<\/div>\n\n\n\n<hr class=\"wp-block-separator has-css-opacity\"\/>\n\n\n\n<p><\/p>\n\n\n\n<p><\/p>\n\n\n\n<p><\/p>\n\n\n\n<p class=\"has-text-align-center has-medium-font-size\"><br><\/p>\n\n\n\n<p class=\"has-text-align-center has-medium-font-size\"><\/p>\n\n\n\n<div class=\"wp-block-columns is-layout-flex wp-container-core-columns-is-layout-7 wp-block-columns-is-layout-flex\">\n<div class=\"wp-block-column is-layout-flow wp-block-column-is-layout-flow\">\n<p><br><\/p>\n<\/div>\n<\/div>\n","protected":false},"excerpt":{"rendered":"<p>Brutalka lezeck\u00e1 stena predstavuje komplexn\u00e9 \u0161portovisko, ktor\u00e9 je pr\u00edstupn\u00e9 pre v\u0161etky vekov\u00e9 skupiny a lezcov r\u00f4znych zru\u010dnost\u00ed, od za\u010diato\u010dn\u00edkov po pokro\u010dil\u00fdch. U n\u00e1s n\u00e1jdu svoje miesto nielen t\u00ed, ktor\u00ed sa len za\u010d\u00ednaj\u00fa zauj\u00edma\u0165 o lezenie, ale aj sk\u00fasen\u00ed nad\u0161enci, ktor\u00ed h\u013eadaj\u00fa nov\u00e9 v\u00fdzvy. \u010co u n\u00e1s n\u00e1jdete Kopec lezenia indoor a outdoor. Bouldering a aj [&hellip;]<\/p>\n","protected":false},"author":1,"featured_media":170,"parent":0,"menu_order":0,"comment_status":"closed","ping_status":"closed","template":"","meta":{"_monsterinsights_skip_tracking":false,"_monsterinsights_sitenote_active":false,"_monsterinsights_sitenote_note":"","_monsterinsights_sitenote_category":0,"footnotes":""},"class_list":["post-118","page","type-page","status-publish","has-post-thumbnail","hentry"],"yoast_head":"<!-- This site is optimized with the Yoast SEO plugin v17.7.1 - https:\/\/yoast.com\/wordpress\/plugins\/seo\/ -->\n<title>\u00davod - Brutalka<\/title>\n<meta name=\"robots\" content=\"index, follow, max-snippet:-1, max-image-preview:large, max-video-preview:-1\" \/>\n<link rel=\"canonical\" href=\"https:\/\/www.brutalka.sk\/\" \/>\n<meta property=\"og:locale\" content=\"sk_SK\" \/>\n<meta property=\"og:type\" content=\"article\" \/>\n<meta property=\"og:title\" content=\"\u00davod - Brutalka\" \/>\n<meta property=\"og:description\" content=\"Brutalka lezeck\u00e1 stena predstavuje komplexn\u00e9 \u0161portovisko, ktor\u00e9 je pr\u00edstupn\u00e9 pre v\u0161etky vekov\u00e9 skupiny a lezcov r\u00f4znych zru\u010dnost\u00ed, od za\u010diato\u010dn\u00edkov po pokro\u010dil\u00fdch. U n\u00e1s n\u00e1jdu svoje miesto nielen t\u00ed, ktor\u00ed sa len za\u010d\u00ednaj\u00fa zauj\u00edma\u0165 o lezenie, ale aj sk\u00fasen\u00ed nad\u0161enci, ktor\u00ed h\u013eadaj\u00fa nov\u00e9 v\u00fdzvy. \u010co u n\u00e1s n\u00e1jdete Kopec lezenia indoor a outdoor. Bouldering a aj [&hellip;]\" \/>\n<meta property=\"og:url\" content=\"https:\/\/www.brutalka.sk\/\" \/>\n<meta property=\"og:site_name\" content=\"Brutalka\" \/>\n<meta property=\"article:modified_time\" content=\"2026-03-26T17:08:40+00:00\" \/>\n<meta property=\"og:image\" content=\"https:\/\/www.brutalka.sk\/wp-content\/uploads\/2022\/03\/brutalcup2022-1-scaled.jpg\" \/>\n\t<meta property=\"og:image:width\" content=\"1810\" \/>\n\t<meta property=\"og:image:height\" content=\"2560\" \/>\n<meta name=\"twitter:card\" content=\"summary_large_image\" \/>\n<meta name=\"twitter:label1\" content=\"Predpokladan\u00fd \u010das \u010d\u00edtania\" \/>\n\t<meta name=\"twitter:data1\" content=\"5 min\u00fat\" \/>\n<script type=\"application\/ld+json\" class=\"yoast-schema-graph\">{\"@context\":\"https:\/\/schema.org\",\"@graph\":[{\"@type\":\"WebSite\",\"@id\":\"https:\/\/www.brutalka.sk\/#website\",\"url\":\"https:\/\/www.brutalka.sk\/\",\"name\":\"Brutalka\",\"description\":\"\",\"potentialAction\":[{\"@type\":\"SearchAction\",\"target\":{\"@type\":\"EntryPoint\",\"urlTemplate\":\"https:\/\/www.brutalka.sk\/?s={search_term_string}\"},\"query-input\":\"required name=search_term_string\"}],\"inLanguage\":\"sk-SK\"},{\"@type\":\"ImageObject\",\"@id\":\"https:\/\/www.brutalka.sk\/#primaryimage\",\"inLanguage\":\"sk-SK\",\"url\":\"https:\/\/www.brutalka.sk\/wp-content\/uploads\/2022\/03\/brutalcup2022-1-scaled.jpg\",\"contentUrl\":\"https:\/\/www.brutalka.sk\/wp-content\/uploads\/2022\/03\/brutalcup2022-1-scaled.jpg\",\"width\":1810,\"height\":2560},{\"@type\":\"WebPage\",\"@id\":\"https:\/\/www.brutalka.sk\/#webpage\",\"url\":\"https:\/\/www.brutalka.sk\/\",\"name\":\"\\u00davod - Brutalka\",\"isPartOf\":{\"@id\":\"https:\/\/www.brutalka.sk\/#website\"},\"primaryImageOfPage\":{\"@id\":\"https:\/\/www.brutalka.sk\/#primaryimage\"},\"datePublished\":\"2022-03-09T21:46:12+00:00\",\"dateModified\":\"2026-03-26T17:08:40+00:00\",\"breadcrumb\":{\"@id\":\"https:\/\/www.brutalka.sk\/#breadcrumb\"},\"inLanguage\":\"sk-SK\",\"potentialAction\":[{\"@type\":\"ReadAction\",\"target\":[\"https:\/\/www.brutalka.sk\/\"]}]},{\"@type\":\"BreadcrumbList\",\"@id\":\"https:\/\/www.brutalka.sk\/#breadcrumb\",\"itemListElement\":[{\"@type\":\"ListItem\",\"position\":1,\"name\":\"Home\",\"item\":\"https:\/\/www.brutalka.sk\/\"},{\"@type\":\"ListItem\",\"position\":2,\"name\":\"\\u00davod\"}]}]}<\/script>\n<!-- \/ Yoast SEO plugin. -->","yoast_head_json":{"title":"\u00davod - Brutalka","robots":{"index":"index","follow":"follow","max-snippet":"max-snippet:-1","max-image-preview":"max-image-preview:large","max-video-preview":"max-video-preview:-1"},"canonical":"https:\/\/www.brutalka.sk\/","og_locale":"sk_SK","og_type":"article","og_title":"\u00davod - Brutalka","og_description":"Brutalka lezeck\u00e1 stena predstavuje komplexn\u00e9 \u0161portovisko, ktor\u00e9 je pr\u00edstupn\u00e9 pre v\u0161etky vekov\u00e9 skupiny a lezcov r\u00f4znych zru\u010dnost\u00ed, od za\u010diato\u010dn\u00edkov po pokro\u010dil\u00fdch. U n\u00e1s n\u00e1jdu svoje miesto nielen t\u00ed, ktor\u00ed sa len za\u010d\u00ednaj\u00fa zauj\u00edma\u0165 o lezenie, ale aj sk\u00fasen\u00ed nad\u0161enci, ktor\u00ed h\u013eadaj\u00fa nov\u00e9 v\u00fdzvy. \u010co u n\u00e1s n\u00e1jdete Kopec lezenia indoor a outdoor. Bouldering a aj [&hellip;]","og_url":"https:\/\/www.brutalka.sk\/","og_site_name":"Brutalka","article_modified_time":"2026-03-26T17:08:40+00:00","og_image":[{"width":1810,"height":2560,"url":"https:\/\/www.brutalka.sk\/wp-content\/uploads\/2022\/03\/brutalcup2022-1-scaled.jpg","type":"image\/jpeg"}],"twitter_card":"summary_large_image","twitter_misc":{"Predpokladan\u00fd \u010das \u010d\u00edtania":"5 min\u00fat"},"schema":{"@context":"https:\/\/schema.org","@graph":[{"@type":"WebSite","@id":"https:\/\/www.brutalka.sk\/#website","url":"https:\/\/www.brutalka.sk\/","name":"Brutalka","description":"","potentialAction":[{"@type":"SearchAction","target":{"@type":"EntryPoint","urlTemplate":"https:\/\/www.brutalka.sk\/?s={search_term_string}"},"query-input":"required name=search_term_string"}],"inLanguage":"sk-SK"},{"@type":"ImageObject","@id":"https:\/\/www.brutalka.sk\/#primaryimage","inLanguage":"sk-SK","url":"https:\/\/www.brutalka.sk\/wp-content\/uploads\/2022\/03\/brutalcup2022-1-scaled.jpg","contentUrl":"https:\/\/www.brutalka.sk\/wp-content\/uploads\/2022\/03\/brutalcup2022-1-scaled.jpg","width":1810,"height":2560},{"@type":"WebPage","@id":"https:\/\/www.brutalka.sk\/#webpage","url":"https:\/\/www.brutalka.sk\/","name":"\u00davod - Brutalka","isPartOf":{"@id":"https:\/\/www.brutalka.sk\/#website"},"primaryImageOfPage":{"@id":"https:\/\/www.brutalka.sk\/#primaryimage"},"datePublished":"2022-03-09T21:46:12+00:00","dateModified":"2026-03-26T17:08:40+00:00","breadcrumb":{"@id":"https:\/\/www.brutalka.sk\/#breadcrumb"},"inLanguage":"sk-SK","potentialAction":[{"@type":"ReadAction","target":["https:\/\/www.brutalka.sk\/"]}]},{"@type":"BreadcrumbList","@id":"https:\/\/www.brutalka.sk\/#breadcrumb","itemListElement":[{"@type":"ListItem","position":1,"name":"Home","item":"https:\/\/www.brutalka.sk\/"},{"@type":"ListItem","position":2,"name":"\u00davod"}]}]}},"_links":{"self":[{"href":"https:\/\/www.brutalka.sk\/index.php?rest_route=\/wp\/v2\/pages\/118","targetHints":{"allow":["GET"]}}],"collection":[{"href":"https:\/\/www.brutalka.sk\/index.php?rest_route=\/wp\/v2\/pages"}],"about":[{"href":"https:\/\/www.brutalka.sk\/index.php?rest_route=\/wp\/v2\/types\/page"}],"author":[{"embeddable":true,"href":"https:\/\/www.brutalka.sk\/index.php?rest_route=\/wp\/v2\/users\/1"}],"replies":[{"embeddable":true,"href":"https:\/\/www.brutalka.sk\/index.php?rest_route=%2Fwp%2Fv2%2Fcomments&post=118"}],"version-history":[{"count":6,"href":"https:\/\/www.brutalka.sk\/index.php?rest_route=\/wp\/v2\/pages\/118\/revisions"}],"predecessor-version":[{"id":2398,"href":"https:\/\/www.brutalka.sk\/index.php?rest_route=\/wp\/v2\/pages\/118\/revisions\/2398"}],"wp:featuredmedia":[{"embeddable":true,"href":"https:\/\/www.brutalka.sk\/index.php?rest_route=\/wp\/v2\/media\/170"}],"wp:attachment":[{"href":"https:\/\/www.brutalka.sk\/index.php?rest_route=%2Fwp%2Fv2%2Fmedia&parent=118"}],"curies":[{"name":"wp","href":"https:\/\/api.w.org\/{rel}","templated":true}]}}