{"id":2426,"date":"2026-04-03T20:14:21","date_gmt":"2026-04-03T18:14:21","guid":{"rendered":"https:\/\/www.brutalka.sk\/?page_id=2426"},"modified":"2026-04-03T20:14:22","modified_gmt":"2026-04-03T18:14:22","slug":"narodeninove-oslavy-pre-malych-dobrodruhov","status":"publish","type":"page","link":"https:\/\/www.brutalka.sk\/?page_id=2426","title":{"rendered":"Narodeninov\u00e9 oslavy pre mal\u00fdch dobrodruhov"},"content":{"rendered":"\n<p class=\"has-text-align-center\"><em>Uv\u00edtate origin\u00e1lny sp\u00f4sob oslavy naroden\u00edn V\u00e1\u0161ho die\u0165a\u0165a? Namiesto klasick\u00e9ho posedenia pon\u00fakame akt\u00edvny z\u00e1\u017eitok pln\u00fd lezenia, hier a radosti z pohybu &#8211; v\u0161etko v bezpe\u010dnom prostred\u00ed pod doh\u013eadom in\u0161truktorov. <\/em><\/p>\n\n\n\n<div class=\"wp-block-columns is-layout-flex wp-container-core-columns-is-layout-2 wp-block-columns-is-layout-flex\">\n<div class=\"wp-block-column is-layout-flow wp-block-column-is-layout-flow\">\n<p class=\"has-text-align-center\"><mark style=\"background-color:rgba(0, 0, 0, 0);color:#3a3b9f\" class=\"has-inline-color\"><strong><span style=\"text-decoration: underline;\">PROGRAM S IN\u0160TRUKTOROM<\/span><\/strong><\/mark><\/p>\n\n\n\n<p>\u25c9 <strong>18\u20ac \/ die\u0165a<\/strong> (osl\u00e1venec m\u00e1 pri akejko\u013evek \u010fal\u0161ej n\u00e1v\u0161teve u n\u00e1s 1 vstup zdarma)<\/p>\n\n\n\n<p>\u25c9 <strong>sobota \/ nede\u013ea<\/strong> (smerujeme oslavy na doobedn\u00e9 alebo ve\u010dern\u00e9 \u010dasy z kapacitn\u00fdch d\u00f4vodov steny)<\/p>\n\n\n\n<p><strong><mark style=\"background-color:rgba(0, 0, 0, 0);color:#3a3b9f\" class=\"has-inline-color\">V cene zahrnut\u00e9<\/mark>:<\/strong><\/p>\n\n\n\n<p>\u25c9 <strong>2-hodinov\u00fd program s in\u0161truktorom<\/strong> (po skon\u010den\u00ed programu m\u00f4\u017eete zosta\u0165 na stene \u013eubovo\u013ene dlho v r\u00e1mci otv\u00e1rac\u00edch hod\u00edn)<\/p>\n\n\n\n<p>\u25c9 <strong>vstup<\/strong> a <strong>po\u017ei\u010dov\u0148a<\/strong> lezeck\u00e9ho materi\u00e1lu pre deti<\/p>\n\n\n\n<p>\u25c9 <strong>pren\u00e1jom priestoru<\/strong><\/p>\n\n\n\n<p>\u25c9 <strong>v\u00fdzdoba<\/strong> prenajat\u00e9ho priestoru<\/p>\n\n\n\n<p>Ob\u010derstvenie si zabezpe\u010dujete sami. Mal\u00e9 snacky a n\u00e1poje k zak\u00fapeniu v na\u0161om bare.<br>Mo\u017enos\u0165 individu\u00e1lnych prisp\u00f4soben\u00ed po dohode.<br><\/p>\n<\/div>\n\n\n\n<div class=\"wp-block-column is-layout-flow wp-block-column-is-layout-flow\">\n<p class=\"has-text-align-center\"><mark style=\"background-color:rgba(0, 0, 0, 0);color:#3a3b9f\" class=\"has-inline-color\"><strong><span style=\"text-decoration: underline;\">BEZ IN\u0160TRUKTORA<\/span><\/strong><\/mark><\/p>\n\n\n\n<div class=\"wp-block-columns is-layout-flex wp-container-core-columns-is-layout-1 wp-block-columns-is-layout-flex\">\n<div class=\"wp-block-column is-layout-flow wp-block-column-is-layout-flow\">\n<p class=\"has-text-align-center\"><mark style=\"background-color:rgba(0, 0, 0, 0);color:#3a3b9f\" class=\"has-inline-color\"><span style=\"text-decoration: underline;\">Pren\u00e1jom priestoru s v\u00fdzdobou<\/span><\/mark><\/p>\n\n\n\n<p>\u25c9 <strong>30\u20ac<\/strong> za priestor na vybran\u00fd d\u00e1tum a \u010das<\/p>\n\n\n\n<p>\u25c9 <strong>chlap\u010densk\u00e1 <\/strong>\/ <strong>diev\u010densk\u00e1 <\/strong>\/ <strong>univerz\u00e1lna <\/strong>narodeninov\u00e1 <strong>v\u00fdzdoba <\/strong>na podeste (balk\u00f3nik na hlavnej bouldrovke)<\/p>\n\n\n\n<p>Ob\u010derstvenie si zabezpe\u010dujete sami. Mal\u00e9 snacky a n\u00e1poje k zak\u00fapeniu v na\u0161om bare.<\/p>\n<\/div>\n\n\n\n<div class=\"wp-block-column is-layout-flow wp-block-column-is-layout-flow\">\n<p class=\"has-text-align-center\"><mark style=\"background-color:rgba(0, 0, 0, 0);color:#3a3b9f\" class=\"has-inline-color\"><span style=\"text-decoration: underline;\">Pren\u00e1jom priestoru bez v\u00fdzdoby<\/span><\/mark><\/p>\n\n\n\n<p>\u25c9 <strong>15\u20ac<\/strong> za pren\u00e1jom priestoru na vybran\u00fd d\u00e1tum a \u010das<\/p>\n\n\n\n<p>\u25c9 <strong>bez v\u00fdzdoby<\/strong> &#8211; iba zabezpe\u010denie priestoru (podesta &#8211; balk\u00f3nik na hlavnej bouldrovke), bez pr\u00edtomnosti in\u00fdch n\u00e1v\u0161tevn\u00edkov<\/p>\n<\/div>\n<\/div>\n<\/div>\n<\/div>\n\n\n\n<p class=\"has-text-align-center\">Term\u00edny a individu\u00e1lne po\u017eiadavky komunikujte prostredn\u00edctvom n\u00e1\u0161ho mail-u <strong>trener@brutalka.sk<\/strong>.<\/p>\n","protected":false},"excerpt":{"rendered":"<p>Uv\u00edtate origin\u00e1lny sp\u00f4sob oslavy naroden\u00edn V\u00e1\u0161ho die\u0165a\u0165a? Namiesto klasick\u00e9ho posedenia pon\u00fakame akt\u00edvny z\u00e1\u017eitok pln\u00fd lezenia, hier a radosti z pohybu &#8211; v\u0161etko v bezpe\u010dnom prostred\u00ed pod doh\u013eadom in\u0161truktorov. PROGRAM S IN\u0160TRUKTOROM \u25c9 18\u20ac \/ die\u0165a (osl\u00e1venec m\u00e1 pri akejko\u013evek \u010fal\u0161ej n\u00e1v\u0161teve u n\u00e1s 1 vstup zdarma) \u25c9 sobota \/ nede\u013ea (smerujeme oslavy na doobedn\u00e9 alebo [&hellip;]<\/p>\n","protected":false},"author":1,"featured_media":0,"parent":0,"menu_order":0,"comment_status":"closed","ping_status":"closed","template":"","meta":{"_monsterinsights_skip_tracking":false,"_monsterinsights_sitenote_active":false,"_monsterinsights_sitenote_note":"","_monsterinsights_sitenote_category":0,"footnotes":""},"class_list":["post-2426","page","type-page","status-publish","hentry"],"yoast_head":"<!-- This site is optimized with the Yoast SEO plugin v17.7.1 - https:\/\/yoast.com\/wordpress\/plugins\/seo\/ -->\n<title>Narodeninov\u00e9 oslavy pre mal\u00fdch dobrodruhov - Brutalka<\/title>\n<meta name=\"robots\" content=\"index, follow, max-snippet:-1, max-image-preview:large, max-video-preview:-1\" \/>\n<link rel=\"canonical\" href=\"https:\/\/www.brutalka.sk\/?page_id=2426\" \/>\n<meta property=\"og:locale\" content=\"sk_SK\" \/>\n<meta property=\"og:type\" content=\"article\" \/>\n<meta property=\"og:title\" content=\"Narodeninov\u00e9 oslavy pre mal\u00fdch dobrodruhov - Brutalka\" \/>\n<meta property=\"og:description\" content=\"Uv\u00edtate origin\u00e1lny sp\u00f4sob oslavy naroden\u00edn V\u00e1\u0161ho die\u0165a\u0165a? Namiesto klasick\u00e9ho posedenia pon\u00fakame akt\u00edvny z\u00e1\u017eitok pln\u00fd lezenia, hier a radosti z pohybu &#8211; v\u0161etko v bezpe\u010dnom prostred\u00ed pod doh\u013eadom in\u0161truktorov. PROGRAM S IN\u0160TRUKTOROM \u25c9 18\u20ac \/ die\u0165a (osl\u00e1venec m\u00e1 pri akejko\u013evek \u010fal\u0161ej n\u00e1v\u0161teve u n\u00e1s 1 vstup zdarma) \u25c9 sobota \/ nede\u013ea (smerujeme oslavy na doobedn\u00e9 alebo [&hellip;]\" \/>\n<meta property=\"og:url\" content=\"https:\/\/www.brutalka.sk\/?page_id=2426\" \/>\n<meta property=\"og:site_name\" content=\"Brutalka\" \/>\n<meta property=\"article:modified_time\" content=\"2026-04-03T18:14:22+00:00\" \/>\n<meta name=\"twitter:card\" content=\"summary_large_image\" \/>\n<meta name=\"twitter:label1\" content=\"Predpokladan\u00fd \u010das \u010d\u00edtania\" \/>\n\t<meta name=\"twitter:data1\" content=\"1 min\u00fata\" \/>\n<script type=\"application\/ld+json\" class=\"yoast-schema-graph\">{\"@context\":\"https:\/\/schema.org\",\"@graph\":[{\"@type\":\"WebSite\",\"@id\":\"https:\/\/www.brutalka.sk\/#website\",\"url\":\"https:\/\/www.brutalka.sk\/\",\"name\":\"Brutalka\",\"description\":\"\",\"potentialAction\":[{\"@type\":\"SearchAction\",\"target\":{\"@type\":\"EntryPoint\",\"urlTemplate\":\"https:\/\/www.brutalka.sk\/?s={search_term_string}\"},\"query-input\":\"required name=search_term_string\"}],\"inLanguage\":\"sk-SK\"},{\"@type\":\"WebPage\",\"@id\":\"https:\/\/www.brutalka.sk\/?page_id=2426#webpage\",\"url\":\"https:\/\/www.brutalka.sk\/?page_id=2426\",\"name\":\"Narodeninov\\u00e9 oslavy pre mal\\u00fdch dobrodruhov - Brutalka\",\"isPartOf\":{\"@id\":\"https:\/\/www.brutalka.sk\/#website\"},\"datePublished\":\"2026-04-03T18:14:21+00:00\",\"dateModified\":\"2026-04-03T18:14:22+00:00\",\"breadcrumb\":{\"@id\":\"https:\/\/www.brutalka.sk\/?page_id=2426#breadcrumb\"},\"inLanguage\":\"sk-SK\",\"potentialAction\":[{\"@type\":\"ReadAction\",\"target\":[\"https:\/\/www.brutalka.sk\/?page_id=2426\"]}]},{\"@type\":\"BreadcrumbList\",\"@id\":\"https:\/\/www.brutalka.sk\/?page_id=2426#breadcrumb\",\"itemListElement\":[{\"@type\":\"ListItem\",\"position\":1,\"name\":\"Home\",\"item\":\"https:\/\/www.brutalka.sk\/\"},{\"@type\":\"ListItem\",\"position\":2,\"name\":\"Narodeninov\\u00e9 oslavy pre mal\\u00fdch dobrodruhov\"}]}]}<\/script>\n<!-- \/ Yoast SEO plugin. -->","yoast_head_json":{"title":"Narodeninov\u00e9 oslavy pre mal\u00fdch dobrodruhov - Brutalka","robots":{"index":"index","follow":"follow","max-snippet":"max-snippet:-1","max-image-preview":"max-image-preview:large","max-video-preview":"max-video-preview:-1"},"canonical":"https:\/\/www.brutalka.sk\/?page_id=2426","og_locale":"sk_SK","og_type":"article","og_title":"Narodeninov\u00e9 oslavy pre mal\u00fdch dobrodruhov - Brutalka","og_description":"Uv\u00edtate origin\u00e1lny sp\u00f4sob oslavy naroden\u00edn V\u00e1\u0161ho die\u0165a\u0165a? Namiesto klasick\u00e9ho posedenia pon\u00fakame akt\u00edvny z\u00e1\u017eitok pln\u00fd lezenia, hier a radosti z pohybu &#8211; v\u0161etko v bezpe\u010dnom prostred\u00ed pod doh\u013eadom in\u0161truktorov. PROGRAM S IN\u0160TRUKTOROM \u25c9 18\u20ac \/ die\u0165a (osl\u00e1venec m\u00e1 pri akejko\u013evek \u010fal\u0161ej n\u00e1v\u0161teve u n\u00e1s 1 vstup zdarma) \u25c9 sobota \/ nede\u013ea (smerujeme oslavy na doobedn\u00e9 alebo [&hellip;]","og_url":"https:\/\/www.brutalka.sk\/?page_id=2426","og_site_name":"Brutalka","article_modified_time":"2026-04-03T18:14:22+00:00","twitter_card":"summary_large_image","twitter_misc":{"Predpokladan\u00fd \u010das \u010d\u00edtania":"1 min\u00fata"},"schema":{"@context":"https:\/\/schema.org","@graph":[{"@type":"WebSite","@id":"https:\/\/www.brutalka.sk\/#website","url":"https:\/\/www.brutalka.sk\/","name":"Brutalka","description":"","potentialAction":[{"@type":"SearchAction","target":{"@type":"EntryPoint","urlTemplate":"https:\/\/www.brutalka.sk\/?s={search_term_string}"},"query-input":"required name=search_term_string"}],"inLanguage":"sk-SK"},{"@type":"WebPage","@id":"https:\/\/www.brutalka.sk\/?page_id=2426#webpage","url":"https:\/\/www.brutalka.sk\/?page_id=2426","name":"Narodeninov\u00e9 oslavy pre mal\u00fdch dobrodruhov - Brutalka","isPartOf":{"@id":"https:\/\/www.brutalka.sk\/#website"},"datePublished":"2026-04-03T18:14:21+00:00","dateModified":"2026-04-03T18:14:22+00:00","breadcrumb":{"@id":"https:\/\/www.brutalka.sk\/?page_id=2426#breadcrumb"},"inLanguage":"sk-SK","potentialAction":[{"@type":"ReadAction","target":["https:\/\/www.brutalka.sk\/?page_id=2426"]}]},{"@type":"BreadcrumbList","@id":"https:\/\/www.brutalka.sk\/?page_id=2426#breadcrumb","itemListElement":[{"@type":"ListItem","position":1,"name":"Home","item":"https:\/\/www.brutalka.sk\/"},{"@type":"ListItem","position":2,"name":"Narodeninov\u00e9 oslavy pre mal\u00fdch dobrodruhov"}]}]}},"_links":{"self":[{"href":"https:\/\/www.brutalka.sk\/index.php?rest_route=\/wp\/v2\/pages\/2426","targetHints":{"allow":["GET"]}}],"collection":[{"href":"https:\/\/www.brutalka.sk\/index.php?rest_route=\/wp\/v2\/pages"}],"about":[{"href":"https:\/\/www.brutalka.sk\/index.php?rest_route=\/wp\/v2\/types\/page"}],"author":[{"embeddable":true,"href":"https:\/\/www.brutalka.sk\/index.php?rest_route=\/wp\/v2\/users\/1"}],"replies":[{"embeddable":true,"href":"https:\/\/www.brutalka.sk\/index.php?rest_route=%2Fwp%2Fv2%2Fcomments&post=2426"}],"version-history":[{"count":2,"href":"https:\/\/www.brutalka.sk\/index.php?rest_route=\/wp\/v2\/pages\/2426\/revisions"}],"predecessor-version":[{"id":2428,"href":"https:\/\/www.brutalka.sk\/index.php?rest_route=\/wp\/v2\/pages\/2426\/revisions\/2428"}],"wp:attachment":[{"href":"https:\/\/www.brutalka.sk\/index.php?rest_route=%2Fwp%2Fv2%2Fmedia&parent=2426"}],"curies":[{"name":"wp","href":"https:\/\/api.w.org\/{rel}","templated":true}]}}