{"id":402,"date":"2022-05-16T15:33:16","date_gmt":"2022-05-16T13:33:16","guid":{"rendered":"https:\/\/www.brutalka.sk\/?page_id=402"},"modified":"2024-04-07T15:24:32","modified_gmt":"2024-04-07T13:24:32","slug":"prva-navsteva","status":"publish","type":"page","link":"https:\/\/www.brutalka.sk\/?page_id=402","title":{"rendered":"Prv\u00e1 n\u00e1v\u0161teva"},"content":{"rendered":"\n<p>Tu v\u00e1m uk\u00e1\u017eeme, ako lezenie funguje a \u010do potrebujete pre va\u0161u prv\u00fa n\u00e1v\u0161tevu u n\u00e1s.<\/p>\n\n\n\n<hr class=\"wp-block-separator\"\/>\n\n\n\n<p>Pri prvej n\u00e1v\u0161teve si so sebou vezmite len \u0161portov\u00e9 oble\u010denie. Lezeck\u00e9 top\u00e1nky a \u010fal\u0161ie potrebn\u00e9 vybavenie v\u00e1m radi po\u017ei\u010diame. Nie je potrebn\u00e9 n\u00e1s vopred informova\u0165 o va\u0161ej n\u00e1v\u0161teve, sta\u010d\u00ed pr\u00eds\u0165 kedyko\u013evek po\u010das otv\u00e1rac\u00edch hod\u00edn.<\/p>\n\n\n\n<p>Te\u0161\u00edme sa na va\u0161u n\u00e1v\u0161tevu a sme pripraven\u00ed v\u00e1m poskytn\u00fa\u0165 v\u0161etko potrebn\u00e9 pre pr\u00edjemn\u00fd a bezpe\u010dn\u00fd z\u00e1\u017eitok z lezenia. Ak m\u00e1te ak\u00e9ko\u013evek ot\u00e1zky alebo \u0161peci\u00e1lne po\u017eiadavky, nev\u00e1hajte n\u00e1s kontaktova\u0165. Na\u0161\u00edm cie\u013eom je zabezpe\u010di\u0165, aby ste si u n\u00e1s u\u017eili ka\u017ed\u00fa chv\u00ed\u013eu str\u00e1ven\u00fa na na\u0161ej lezeckej stene.<\/p>\n\n\n\n<div class=\"wp-block-columns is-layout-flex wp-container-core-columns-is-layout-1 wp-block-columns-is-layout-flex\">\n<div class=\"wp-block-column is-layout-flow wp-block-column-is-layout-flow\">\n<p class=\"has-text-align-left\"><br><br><\/p>\n\n\n\n<p class=\"has-text-align-center\">Pri prvej n\u00e1v\u0161teve vy\u017eadujeme z pr\u00e1vnych d\u00f4vodov od ka\u017ed\u00e9ho n\u00e1v\u0161tevn\u00edka aby vyp\u00edsal registra\u010dn\u00fd formul\u00e1r. Vo formul\u00e1ri akceptujete pravidla lezenia u n\u00e1s a s\u00fahlas\u00edte s prev\u00e1dzkov\u00fdm poriadkom ktor\u00fd si m\u00f4\u017eete pre\u010d\u00edta\u0165 <a href=\"https:\/\/www.brutalka.sk\/?page_id=247\">tu<\/a>. <br><\/p>\n\n\n\n<p><\/p>\n\n\n\n<p><\/p>\n\n\n\n<p><\/p>\n\n\n\n<p><\/p>\n\n\n\n<p><\/p>\n\n\n\n<p><\/p>\n\n\n\n<p><\/p>\n\n\n\n<p><\/p>\n\n\n\n<p><\/p>\n\n\n\n<figure class=\"wp-block-image size-large\"><img loading=\"lazy\" decoding=\"async\" width=\"1024\" height=\"768\" src=\"https:\/\/www.brutalka.sk\/wp-content\/uploads\/2022\/05\/DSCN0029-1024x768.jpg\" alt=\"\" class=\"wp-image-442\" srcset=\"https:\/\/www.brutalka.sk\/wp-content\/uploads\/2022\/05\/DSCN0029-1024x768.jpg 1024w, https:\/\/www.brutalka.sk\/wp-content\/uploads\/2022\/05\/DSCN0029-300x225.jpg 300w, https:\/\/www.brutalka.sk\/wp-content\/uploads\/2022\/05\/DSCN0029-768x576.jpg 768w, https:\/\/www.brutalka.sk\/wp-content\/uploads\/2022\/05\/DSCN0029-1536x1152.jpg 1536w, https:\/\/www.brutalka.sk\/wp-content\/uploads\/2022\/05\/DSCN0029-2048x1536.jpg 2048w\" sizes=\"auto, (max-width: 1024px) 100vw, 1024px\" \/><\/figure>\n\n\n\n<p><\/p>\n\n\n\n<p><\/p>\n\n\n\n<p><\/p>\n<\/div>\n\n\n\n<div class=\"wp-block-column is-layout-flow wp-block-column-is-layout-flow\">\n<figure class=\"wp-block-image size-large is-resized\"><img loading=\"lazy\" decoding=\"async\" src=\"https:\/\/www.brutalka.sk\/wp-content\/uploads\/2022\/05\/DSCN0049-1024x768.jpg\" alt=\"\" class=\"wp-image-410\" width=\"444\" height=\"332\" srcset=\"https:\/\/www.brutalka.sk\/wp-content\/uploads\/2022\/05\/DSCN0049-1024x768.jpg 1024w, https:\/\/www.brutalka.sk\/wp-content\/uploads\/2022\/05\/DSCN0049-300x225.jpg 300w, https:\/\/www.brutalka.sk\/wp-content\/uploads\/2022\/05\/DSCN0049-768x576.jpg 768w, https:\/\/www.brutalka.sk\/wp-content\/uploads\/2022\/05\/DSCN0049-1536x1152.jpg 1536w, https:\/\/www.brutalka.sk\/wp-content\/uploads\/2022\/05\/DSCN0049-2048x1536.jpg 2048w\" sizes=\"auto, (max-width: 444px) 100vw, 444px\" \/><\/figure>\n\n\n\n<p>Po registr\u00e1cii a vypit\u00ed v\u00fdbornej k\u00e1vy m\u00f4\u017eeme \u00eds\u0165 na to!<\/p>\n\n\n\n<h3 class=\"wp-block-heading\">\u010co je to lezenie a ako funguje?<\/h3>\n\n\n\n<p>Na Brutalke m\u00f4\u017ee liez\u0165 ka\u017ed\u00fd!\u00a0Pr\u00ed\u010fte si u n\u00e1s vysk\u00fa\u0161a\u0165 <strong>boulderin<\/strong>g (odvoden\u00e9 z anglick\u00e9ho boulder = balvan) je lezenie bez lana a lezeck\u00e9ho \u00fav\u00e4zku v bezpe\u010dnej v\u00fd\u0161ke sk\u00e1kania.\u00a0Ka\u017ed\u00fd z n\u00e1s u\u017e od detstva vie, ak\u00e1 z\u00e1bava je liez\u0165 po stromoch \u010di mal\u00fdch skal\u00e1ch. Bouldrova\u0165 sa d\u00e1 nielen na balvanoch, ale aj v interi\u00e9ri na umel\u00fdch sten\u00e1ch a chytoch.\u00a0Bouldrova\u0165 sa tak d\u00e1 aj v zlom po\u010das\u00ed.\u00a0Lezenie prebieha a\u017e do bezpe\u010dnej v\u00fd\u0161ky skoku cca 3-4,5 metra.\u00a0Nemus\u00edte sa teda b\u00e1\u0165 v\u00fd\u0161ok.\u00a0Hrub\u00e9 penov\u00e9 roho\u017ee tlmia prist\u00e1tie na zemi.\u00a0<\/p>\n\n\n\n<p>Neexistuj\u00fa \u017eiadne vekov\u00e9 ani rodov\u00e9 obmedzenia.\u00a0U n\u00e1s v n\u00e1jdete cesty v\u0161etk\u00fdch stup\u0148ov ob\u0165a\u017enosti.\u00a0Za\u010diato\u010dn\u00edci a pokro\u010dil\u00ed pou\u017e\u00edvatelia n\u00e1jdu dostatok r\u00f4znych tr\u00e1s, tak\u017ee ka\u017ed\u00fd m\u00f4\u017ee n\u00e1js\u0165 svoju v\u00fdzvu bez toho, aby sa nudil alebo bol frustrovan\u00fd.\u00a0Na boulderingu je pekn\u00e9, \u017ee nie je povinnos\u0165ou uspie\u0165, preto\u017ee ka\u017ed\u00fd si stanovuje svoje vlastn\u00e9 ciele.\u00a0Tak\u017ee sa s nami zabav\u00ed ka\u017ed\u00fd, \u010di u\u017e mlad\u00fd alebo star\u00fd, za\u010diato\u010dn\u00edk alebo profesion\u00e1l!<\/p>\n\n\n\n<p>Ak pr\u00eddete k n\u00e1m, m\u00f4\u017eete si vysk\u00fa\u0161a\u0165 <strong>lezenie s lanom<\/strong>, \u010do pon\u00faka jedine\u010dn\u00fd z\u00e1\u017eitok so z\u00e1bleskami adrenal\u00ednu. Lezenie s lanom je \u0161portov\u00e1 aktivita, ktor\u00e1 vy\u017eaduje silu, vytrvalos\u0165 a zru\u010dnos\u0165. Lezec je zabezpe\u010den\u00fd lanom, \u010do mu umo\u017e\u0148uje pohybova\u0165 sa po lezeckej trase bez v\u00e4\u010d\u0161\u00edch ob\u00e1v o bezpe\u010dnos\u0165. Tento \u0161port nie je len o fyzickom v\u00fdkone, ale aj o ment\u00e1lnom s\u00fastreden\u00ed a strat\u00e9gii. Pre mnoh\u00fdch je lezenie na lane v\u00fdzvou a pr\u00edle\u017eitos\u0165ou prekon\u00e1va\u0165 svoje hranice a z\u00edskava\u0165 nov\u00e9 sk\u00fasenosti. Nech u\u017e ste za\u010diato\u010dn\u00edk alebo sk\u00fasen\u00fd lezec, lezenie na lane v\u00e1m pon\u00faka vzru\u0161uj\u00faci z\u00e1\u017eitok pln\u00fd dobrodru\u017estva a adrenalinu. Tak pr\u00ed\u010fte a za\u017eite t\u00fato nezabudnute\u013en\u00fa lezeck\u00fa sk\u00fasenos\u0165 u n\u00e1s!<\/p>\n\n\n\n<p> <\/p>\n<\/div>\n<\/div>\n\n\n\n<div class=\"wp-block-columns is-layout-flex wp-container-core-columns-is-layout-2 wp-block-columns-is-layout-flex\">\n<div class=\"wp-block-column is-layout-flow wp-block-column-is-layout-flow\">\n<figure class=\"wp-block-image size-large\"><img loading=\"lazy\" decoding=\"async\" width=\"2560\" height=\"1439\" src=\"https:\/\/www.brutalka.sk\/wp-content\/uploads\/2022\/05\/DSCN0066-edited-scaled.jpg\" alt=\"\" class=\"wp-image-421\" srcset=\"https:\/\/www.brutalka.sk\/wp-content\/uploads\/2022\/05\/DSCN0066-edited-scaled.jpg 2560w, https:\/\/www.brutalka.sk\/wp-content\/uploads\/2022\/05\/DSCN0066-edited-300x169.jpg 300w, https:\/\/www.brutalka.sk\/wp-content\/uploads\/2022\/05\/DSCN0066-edited-1024x576.jpg 1024w, https:\/\/www.brutalka.sk\/wp-content\/uploads\/2022\/05\/DSCN0066-edited-768x432.jpg 768w, https:\/\/www.brutalka.sk\/wp-content\/uploads\/2022\/05\/DSCN0066-edited-1536x863.jpg 1536w, https:\/\/www.brutalka.sk\/wp-content\/uploads\/2022\/05\/DSCN0066-edited-2048x1151.jpg 2048w\" sizes=\"auto, (max-width: 2560px) 100vw, 2560px\" \/><\/figure>\n\n\n\n<p><strong>Lezenie ako dospel\u00fd <\/strong><\/p>\n\n\n\n<p>Na lezenie u n\u00e1s nepotrebujete \u017eiadne predch\u00e1dzaj\u00face sk\u00fasenosti.\u00a0Sta\u010d\u00ed pr\u00eds\u0165 po\u010das otv\u00e1rac\u00edch hod\u00edn a za\u010da\u0165!\u00a0Potrebujete len pohodln\u00e9 \u0161portov\u00e9 oble\u010denie.\u00a0Lezeck\u00e9 top\u00e1nky si m\u00f4\u017eete po\u017ei\u010da\u0165 priamo u n\u00e1s na mieste.<\/p>\n\n\n\n<p>Ak ste nikdy neboli na lezeckej stene, pon\u00fakame v\u00e1m n\u00e1\u0161 bezplatn\u00fd <strong>\u00favodn\u00fd kurz<\/strong> na ktorom v\u00e1m uk\u00e1\u017eeme z\u00e1klady tohto \u0161portu. <\/p>\n\n\n\n<p>Alebo by ste boli rad\u0161ej, keby v\u00e1s hne\u010f od za\u010diatku vzali za ruku a vysvetlili v\u00e1m dopodrobna bezpe\u010dnos\u0165 a z\u00e1kladn\u00fa techniku lezenia tak aby ste sa dostali hlb\u0161ie do veci?\u00a0Potom si objednajte <strong>lezeck\u00fa in\u0161trukt\u00e1\u017e<\/strong>!<\/p>\n\n\n\n<div class=\"wp-block-buttons alignwide is-content-justification-center is-layout-flex wp-block-buttons-is-layout-flex\">\n<div class=\"wp-block-button is-style-fill\"><a class=\"wp-block-button__link\" href=\"https:\/\/www.brutalka.sk\/?page_id=375\">Kurzy<\/a><\/div>\n<\/div>\n\n\n\n<p><\/p>\n<\/div>\n\n\n\n<div class=\"wp-block-column is-layout-flow wp-block-column-is-layout-flow\">\n<figure class=\"wp-block-image size-large\"><img loading=\"lazy\" decoding=\"async\" width=\"1024\" height=\"576\" src=\"https:\/\/www.brutalka.sk\/wp-content\/uploads\/2022\/05\/1652617953790-edited-1024x576.jpg\" alt=\"\" class=\"wp-image-372\" srcset=\"https:\/\/www.brutalka.sk\/wp-content\/uploads\/2022\/05\/1652617953790-edited-1024x576.jpg 1024w, https:\/\/www.brutalka.sk\/wp-content\/uploads\/2022\/05\/1652617953790-edited-300x169.jpg 300w, https:\/\/www.brutalka.sk\/wp-content\/uploads\/2022\/05\/1652617953790-edited-768x432.jpg 768w, https:\/\/www.brutalka.sk\/wp-content\/uploads\/2022\/05\/1652617953790-edited-1536x863.jpg 1536w, https:\/\/www.brutalka.sk\/wp-content\/uploads\/2022\/05\/1652617953790-edited-2048x1151.jpg 2048w\" sizes=\"auto, (max-width: 1024px) 100vw, 1024px\" \/><\/figure>\n\n\n\n<p><strong>Lezenie s de\u0165mi<\/strong><\/p>\n\n\n\n<p>Pre na\u0161ich mal\u00fdch host\u00ed sme dali srdce a du\u0161u do vybudovania vlastn\u00e9ho detsk\u00e9ho bouldroveho k\u00fatika.&nbsp;Deti od 2-3 rokov m\u00f4\u017eu robi\u0165 prv\u00e9 vertik\u00e1lne kroky  na sten\u00e1ch vhodn\u00fdch pre deti.<\/p>\n\n\n\n<p>Deti musia by\u0165 st\u00e1le pod dozorom zodpovednej osoby. Na lezeck\u00fa stenu m\u00f4\u017eete pr\u00eds\u0165 s de\u0165mi a dba\u0165 na ich bezpe\u010dnos\u0165 sami alebo m\u00f4\u017eete vyu\u017ei\u0165 slu\u017eby na\u0161ich in\u0161truktorov.  <\/p>\n\n\n\n<p>Pripravujeme detsk\u00e9 <strong>lezeck\u00e9 t\u00e1bory<\/strong>. Viac info \u010doskoro!<\/p>\n\n\n\n<p>Taktie\u017e u n\u00e1s funguj\u00fa detsk\u00e9 <strong>lezeck\u00e9 kr\u00fa\u017eky.<\/strong><\/p>\n\n\n\n<div class=\"wp-block-buttons is-content-justification-center is-layout-flex wp-block-buttons-is-layout-flex\">\n<div class=\"wp-block-button\"><a class=\"wp-block-button__link\" href=\"https:\/\/www.brutalka.sk\/?page_id=9\">Kr\u00fa\u017eky<\/a><\/div>\n\n\n\n<div class=\"wp-block-button\"><a class=\"wp-block-button__link\" href=\"https:\/\/www.brutalka.sk\/?page_id=452\">T\u00e1bory<\/a><\/div>\n<\/div>\n<\/div>\n<\/div>\n\n\n\n<p class=\"has-medium-font-size\"><strong>Ako n\u00e1s n\u00e1jdete<\/strong><\/p>\n\n\n\n<p><strong>Nach\u00e1dzame sa na Lieskovskej ceste 6<\/strong><\/p>\n\n\n\n<p>V are\u00e1li v ktorom sme situovan\u00fd sa d\u00e1 \u013eahko strati\u0165. S\u00fa tu rozmiesten\u00e9 \u0161\u00edpky aby sme v\u00e1m pomohli n\u00e1s n\u00e1js\u0165. Po prejazde cez vstupn\u00fa br\u00e1nu cho\u010fte len rovno ku koncu cesty a zaparkujte takmer kdeko\u013evek. Vstup ku n\u00e1m n\u00e1jdete na nakladacej rampe za ozna\u010den\u00fdmi dverami. <\/p>\n\n\n\n<figure class=\"wp-block-gallery columns-3 is-cropped wp-block-gallery-1 is-layout-flex wp-block-gallery-is-layout-flex\"><ul class=\"blocks-gallery-grid\"><li class=\"blocks-gallery-item\"><figure><img loading=\"lazy\" decoding=\"async\" width=\"1024\" height=\"768\" src=\"https:\/\/www.brutalka.sk\/wp-content\/uploads\/2022\/05\/DSCN0023-1024x768.jpg\" alt=\"\" data-id=\"407\" data-full-url=\"https:\/\/www.brutalka.sk\/wp-content\/uploads\/2022\/05\/DSCN0023-scaled.jpg\" data-link=\"https:\/\/www.brutalka.sk\/?attachment_id=407\" class=\"wp-image-407\" srcset=\"https:\/\/www.brutalka.sk\/wp-content\/uploads\/2022\/05\/DSCN0023-1024x768.jpg 1024w, https:\/\/www.brutalka.sk\/wp-content\/uploads\/2022\/05\/DSCN0023-300x225.jpg 300w, https:\/\/www.brutalka.sk\/wp-content\/uploads\/2022\/05\/DSCN0023-768x576.jpg 768w, https:\/\/www.brutalka.sk\/wp-content\/uploads\/2022\/05\/DSCN0023-1536x1152.jpg 1536w, https:\/\/www.brutalka.sk\/wp-content\/uploads\/2022\/05\/DSCN0023-2048x1536.jpg 2048w\" sizes=\"auto, (max-width: 1024px) 100vw, 1024px\" \/><\/figure><\/li><li class=\"blocks-gallery-item\"><figure><img loading=\"lazy\" decoding=\"async\" width=\"1024\" height=\"768\" src=\"https:\/\/www.brutalka.sk\/wp-content\/uploads\/2022\/05\/DSCN0021-1024x768.jpg\" alt=\"\" data-id=\"405\" data-full-url=\"https:\/\/www.brutalka.sk\/wp-content\/uploads\/2022\/05\/DSCN0021-scaled.jpg\" data-link=\"https:\/\/www.brutalka.sk\/?attachment_id=405\" class=\"wp-image-405\" srcset=\"https:\/\/www.brutalka.sk\/wp-content\/uploads\/2022\/05\/DSCN0021-1024x768.jpg 1024w, https:\/\/www.brutalka.sk\/wp-content\/uploads\/2022\/05\/DSCN0021-300x225.jpg 300w, https:\/\/www.brutalka.sk\/wp-content\/uploads\/2022\/05\/DSCN0021-768x576.jpg 768w, https:\/\/www.brutalka.sk\/wp-content\/uploads\/2022\/05\/DSCN0021-1536x1152.jpg 1536w, https:\/\/www.brutalka.sk\/wp-content\/uploads\/2022\/05\/DSCN0021-2048x1536.jpg 2048w\" sizes=\"auto, (max-width: 1024px) 100vw, 1024px\" \/><\/figure><\/li><li class=\"blocks-gallery-item\"><figure><img loading=\"lazy\" decoding=\"async\" width=\"1024\" height=\"768\" src=\"https:\/\/www.brutalka.sk\/wp-content\/uploads\/2022\/05\/DSCN0022-1024x768.jpg\" alt=\"\" data-id=\"406\" data-full-url=\"https:\/\/www.brutalka.sk\/wp-content\/uploads\/2022\/05\/DSCN0022-scaled.jpg\" data-link=\"https:\/\/www.brutalka.sk\/?attachment_id=406\" class=\"wp-image-406\" srcset=\"https:\/\/www.brutalka.sk\/wp-content\/uploads\/2022\/05\/DSCN0022-1024x768.jpg 1024w, https:\/\/www.brutalka.sk\/wp-content\/uploads\/2022\/05\/DSCN0022-300x225.jpg 300w, https:\/\/www.brutalka.sk\/wp-content\/uploads\/2022\/05\/DSCN0022-768x576.jpg 768w, https:\/\/www.brutalka.sk\/wp-content\/uploads\/2022\/05\/DSCN0022-1536x1152.jpg 1536w, https:\/\/www.brutalka.sk\/wp-content\/uploads\/2022\/05\/DSCN0022-2048x1536.jpg 2048w\" sizes=\"auto, (max-width: 1024px) 100vw, 1024px\" \/><\/figure><\/li><\/ul><\/figure>\n","protected":false},"excerpt":{"rendered":"<p>Tu v\u00e1m uk\u00e1\u017eeme, ako lezenie funguje a \u010do potrebujete pre va\u0161u prv\u00fa n\u00e1v\u0161tevu u n\u00e1s. Pri prvej n\u00e1v\u0161teve si so sebou vezmite len \u0161portov\u00e9 oble\u010denie. Lezeck\u00e9 top\u00e1nky a \u010fal\u0161ie potrebn\u00e9 vybavenie v\u00e1m radi po\u017ei\u010diame. Nie je potrebn\u00e9 n\u00e1s vopred informova\u0165 o va\u0161ej n\u00e1v\u0161teve, sta\u010d\u00ed pr\u00eds\u0165 kedyko\u013evek po\u010das otv\u00e1rac\u00edch hod\u00edn. Te\u0161\u00edme sa na va\u0161u n\u00e1v\u0161tevu a [&hellip;]<\/p>\n","protected":false},"author":1,"featured_media":0,"parent":118,"menu_order":0,"comment_status":"closed","ping_status":"closed","template":"","meta":{"_monsterinsights_skip_tracking":false,"_monsterinsights_sitenote_active":false,"_monsterinsights_sitenote_note":"","_monsterinsights_sitenote_category":0,"footnotes":""},"class_list":["post-402","page","type-page","status-publish","hentry"],"yoast_head":"<!-- This site is optimized with the Yoast SEO plugin v17.7.1 - https:\/\/yoast.com\/wordpress\/plugins\/seo\/ -->\n<title>Prv\u00e1 n\u00e1v\u0161teva - Brutalka<\/title>\n<meta name=\"robots\" content=\"index, follow, max-snippet:-1, max-image-preview:large, max-video-preview:-1\" \/>\n<link rel=\"canonical\" href=\"https:\/\/www.brutalka.sk\/?page_id=402\" \/>\n<meta property=\"og:locale\" content=\"sk_SK\" \/>\n<meta property=\"og:type\" content=\"article\" \/>\n<meta property=\"og:title\" content=\"Prv\u00e1 n\u00e1v\u0161teva - Brutalka\" \/>\n<meta property=\"og:description\" content=\"Tu v\u00e1m uk\u00e1\u017eeme, ako lezenie funguje a \u010do potrebujete pre va\u0161u prv\u00fa n\u00e1v\u0161tevu u n\u00e1s. Pri prvej n\u00e1v\u0161teve si so sebou vezmite len \u0161portov\u00e9 oble\u010denie. Lezeck\u00e9 top\u00e1nky a \u010fal\u0161ie potrebn\u00e9 vybavenie v\u00e1m radi po\u017ei\u010diame. Nie je potrebn\u00e9 n\u00e1s vopred informova\u0165 o va\u0161ej n\u00e1v\u0161teve, sta\u010d\u00ed pr\u00eds\u0165 kedyko\u013evek po\u010das otv\u00e1rac\u00edch hod\u00edn. Te\u0161\u00edme sa na va\u0161u n\u00e1v\u0161tevu a [&hellip;]\" \/>\n<meta property=\"og:url\" content=\"https:\/\/www.brutalka.sk\/?page_id=402\" \/>\n<meta property=\"og:site_name\" content=\"Brutalka\" \/>\n<meta property=\"article:modified_time\" content=\"2024-04-07T13:24:32+00:00\" \/>\n<meta property=\"og:image\" content=\"https:\/\/www.brutalka.sk\/wp-content\/uploads\/2022\/05\/DSCN0029-1024x768.jpg\" \/>\n<meta name=\"twitter:card\" content=\"summary_large_image\" \/>\n<meta name=\"twitter:label1\" content=\"Predpokladan\u00fd \u010das \u010d\u00edtania\" \/>\n\t<meta name=\"twitter:data1\" content=\"5 min\u00fat\" \/>\n<script type=\"application\/ld+json\" class=\"yoast-schema-graph\">{\"@context\":\"https:\/\/schema.org\",\"@graph\":[{\"@type\":\"WebSite\",\"@id\":\"https:\/\/www.brutalka.sk\/#website\",\"url\":\"https:\/\/www.brutalka.sk\/\",\"name\":\"Brutalka\",\"description\":\"\",\"potentialAction\":[{\"@type\":\"SearchAction\",\"target\":{\"@type\":\"EntryPoint\",\"urlTemplate\":\"https:\/\/www.brutalka.sk\/?s={search_term_string}\"},\"query-input\":\"required name=search_term_string\"}],\"inLanguage\":\"sk-SK\"},{\"@type\":\"ImageObject\",\"@id\":\"https:\/\/www.brutalka.sk\/?page_id=402#primaryimage\",\"inLanguage\":\"sk-SK\",\"url\":\"https:\/\/www.brutalka.sk\/wp-content\/uploads\/2022\/05\/DSCN0029-scaled.jpg\",\"contentUrl\":\"https:\/\/www.brutalka.sk\/wp-content\/uploads\/2022\/05\/DSCN0029-scaled.jpg\",\"width\":2560,\"height\":1920},{\"@type\":\"WebPage\",\"@id\":\"https:\/\/www.brutalka.sk\/?page_id=402#webpage\",\"url\":\"https:\/\/www.brutalka.sk\/?page_id=402\",\"name\":\"Prv\\u00e1 n\\u00e1v\\u0161teva - Brutalka\",\"isPartOf\":{\"@id\":\"https:\/\/www.brutalka.sk\/#website\"},\"primaryImageOfPage\":{\"@id\":\"https:\/\/www.brutalka.sk\/?page_id=402#primaryimage\"},\"datePublished\":\"2022-05-16T13:33:16+00:00\",\"dateModified\":\"2024-04-07T13:24:32+00:00\",\"breadcrumb\":{\"@id\":\"https:\/\/www.brutalka.sk\/?page_id=402#breadcrumb\"},\"inLanguage\":\"sk-SK\",\"potentialAction\":[{\"@type\":\"ReadAction\",\"target\":[\"https:\/\/www.brutalka.sk\/?page_id=402\"]}]},{\"@type\":\"BreadcrumbList\",\"@id\":\"https:\/\/www.brutalka.sk\/?page_id=402#breadcrumb\",\"itemListElement\":[{\"@type\":\"ListItem\",\"position\":1,\"name\":\"Home\",\"item\":\"https:\/\/www.brutalka.sk\/\"},{\"@type\":\"ListItem\",\"position\":2,\"name\":\"\\u00davod\",\"item\":\"https:\/\/www.brutalka.sk\/\"},{\"@type\":\"ListItem\",\"position\":3,\"name\":\"Prv\\u00e1 n\\u00e1v\\u0161teva\"}]}]}<\/script>\n<!-- \/ Yoast SEO plugin. -->","yoast_head_json":{"title":"Prv\u00e1 n\u00e1v\u0161teva - Brutalka","robots":{"index":"index","follow":"follow","max-snippet":"max-snippet:-1","max-image-preview":"max-image-preview:large","max-video-preview":"max-video-preview:-1"},"canonical":"https:\/\/www.brutalka.sk\/?page_id=402","og_locale":"sk_SK","og_type":"article","og_title":"Prv\u00e1 n\u00e1v\u0161teva - Brutalka","og_description":"Tu v\u00e1m uk\u00e1\u017eeme, ako lezenie funguje a \u010do potrebujete pre va\u0161u prv\u00fa n\u00e1v\u0161tevu u n\u00e1s. Pri prvej n\u00e1v\u0161teve si so sebou vezmite len \u0161portov\u00e9 oble\u010denie. Lezeck\u00e9 top\u00e1nky a \u010fal\u0161ie potrebn\u00e9 vybavenie v\u00e1m radi po\u017ei\u010diame. Nie je potrebn\u00e9 n\u00e1s vopred informova\u0165 o va\u0161ej n\u00e1v\u0161teve, sta\u010d\u00ed pr\u00eds\u0165 kedyko\u013evek po\u010das otv\u00e1rac\u00edch hod\u00edn. Te\u0161\u00edme sa na va\u0161u n\u00e1v\u0161tevu a [&hellip;]","og_url":"https:\/\/www.brutalka.sk\/?page_id=402","og_site_name":"Brutalka","article_modified_time":"2024-04-07T13:24:32+00:00","og_image":[{"url":"https:\/\/www.brutalka.sk\/wp-content\/uploads\/2022\/05\/DSCN0029-1024x768.jpg"}],"twitter_card":"summary_large_image","twitter_misc":{"Predpokladan\u00fd \u010das \u010d\u00edtania":"5 min\u00fat"},"schema":{"@context":"https:\/\/schema.org","@graph":[{"@type":"WebSite","@id":"https:\/\/www.brutalka.sk\/#website","url":"https:\/\/www.brutalka.sk\/","name":"Brutalka","description":"","potentialAction":[{"@type":"SearchAction","target":{"@type":"EntryPoint","urlTemplate":"https:\/\/www.brutalka.sk\/?s={search_term_string}"},"query-input":"required name=search_term_string"}],"inLanguage":"sk-SK"},{"@type":"ImageObject","@id":"https:\/\/www.brutalka.sk\/?page_id=402#primaryimage","inLanguage":"sk-SK","url":"https:\/\/www.brutalka.sk\/wp-content\/uploads\/2022\/05\/DSCN0029-scaled.jpg","contentUrl":"https:\/\/www.brutalka.sk\/wp-content\/uploads\/2022\/05\/DSCN0029-scaled.jpg","width":2560,"height":1920},{"@type":"WebPage","@id":"https:\/\/www.brutalka.sk\/?page_id=402#webpage","url":"https:\/\/www.brutalka.sk\/?page_id=402","name":"Prv\u00e1 n\u00e1v\u0161teva - Brutalka","isPartOf":{"@id":"https:\/\/www.brutalka.sk\/#website"},"primaryImageOfPage":{"@id":"https:\/\/www.brutalka.sk\/?page_id=402#primaryimage"},"datePublished":"2022-05-16T13:33:16+00:00","dateModified":"2024-04-07T13:24:32+00:00","breadcrumb":{"@id":"https:\/\/www.brutalka.sk\/?page_id=402#breadcrumb"},"inLanguage":"sk-SK","potentialAction":[{"@type":"ReadAction","target":["https:\/\/www.brutalka.sk\/?page_id=402"]}]},{"@type":"BreadcrumbList","@id":"https:\/\/www.brutalka.sk\/?page_id=402#breadcrumb","itemListElement":[{"@type":"ListItem","position":1,"name":"Home","item":"https:\/\/www.brutalka.sk\/"},{"@type":"ListItem","position":2,"name":"\u00davod","item":"https:\/\/www.brutalka.sk\/"},{"@type":"ListItem","position":3,"name":"Prv\u00e1 n\u00e1v\u0161teva"}]}]}},"_links":{"self":[{"href":"https:\/\/www.brutalka.sk\/index.php?rest_route=\/wp\/v2\/pages\/402","targetHints":{"allow":["GET"]}}],"collection":[{"href":"https:\/\/www.brutalka.sk\/index.php?rest_route=\/wp\/v2\/pages"}],"about":[{"href":"https:\/\/www.brutalka.sk\/index.php?rest_route=\/wp\/v2\/types\/page"}],"author":[{"embeddable":true,"href":"https:\/\/www.brutalka.sk\/index.php?rest_route=\/wp\/v2\/users\/1"}],"replies":[{"embeddable":true,"href":"https:\/\/www.brutalka.sk\/index.php?rest_route=%2Fwp%2Fv2%2Fcomments&post=402"}],"version-history":[{"count":5,"href":"https:\/\/www.brutalka.sk\/index.php?rest_route=\/wp\/v2\/pages\/402\/revisions"}],"predecessor-version":[{"id":1151,"href":"https:\/\/www.brutalka.sk\/index.php?rest_route=\/wp\/v2\/pages\/402\/revisions\/1151"}],"up":[{"embeddable":true,"href":"https:\/\/www.brutalka.sk\/index.php?rest_route=\/wp\/v2\/pages\/118"}],"wp:attachment":[{"href":"https:\/\/www.brutalka.sk\/index.php?rest_route=%2Fwp%2Fv2%2Fmedia&parent=402"}],"curies":[{"name":"wp","href":"https:\/\/api.w.org\/{rel}","templated":true}]}}