{"id":454,"date":"2022-05-28T14:16:58","date_gmt":"2022-05-28T12:16:58","guid":{"rendered":"https:\/\/www.brutalka.sk\/?page_id=454"},"modified":"2026-04-10T19:35:52","modified_gmt":"2026-04-10T17:35:52","slug":"podmienky-denneho-lezeckeho-tabora","status":"publish","type":"page","link":"https:\/\/www.brutalka.sk\/?page_id=454","title":{"rendered":"Podmienky denn\u00e9ho lezeck\u00e9ho t\u00e1bora"},"content":{"rendered":"\n<h2 class=\"wp-block-heading\"><strong>V\u0161eobecn\u00e9 zmluvn\u00e9 podmienky \u00fa\u010dasti na denn\u00fdch detsk\u00fdch t\u00e1boroch organizovan\u00fdch ob\u010dianskym zdru\u017een\u00edm Brutalka Zvolen<\/strong><\/h2>\n\n\n\n<p>Lezeck\u00fd klub <strong>Brutalka Zvolen o.z.<\/strong> , Lieskovsk\u00e1 cesta 6, Zvolen, 96001 v spolupr\u00e1ci s lezeckou stenou Brutalka, <strong>HTM trade spol.s r.o<\/strong>.<br>Gen. Svobodu&nbsp;1974\/21&nbsp;Zvolen&nbsp;960 01&nbsp;36 621 773, prev\u00e1dzka BRUTALKA &#8211; Lezeck\u00e1 stena Lieskovsk\u00e1 cesta 2184\/6960, 01 Zvolen, (\u010falej len Lezeck\u00fd klub) organizuje denn\u00e9 detsk\u00e9 t\u00e1bory v rozsahu ponuky zverejnenej na svojej web str\u00e1nke www.brutalka.sk.<\/p>\n\n\n\n<p><strong>\u010cl. I<\/strong><br><strong>Predmet zmluvy<\/strong><\/p>\n\n\n\n<ol class=\"wp-block-list\">\n<li>Predmetom tejto Zmluvy je z\u00e1v\u00e4zok Lezeck\u00e9ho klubu zabezpe\u010di\u0165 a zorganizova\u0165 denn\u00fd detsk\u00fd t\u00e1bor v zmysle podmienok uveden\u00fdch v tejto Zmluve a ponuky zverejnenej na svojej webovej str\u00e1nke a z\u00e1v\u00e4zok Klienta za objednan\u00fd t\u00e1bor zaplati\u0165 dohodnut\u00fa sumu a dodr\u017eiava\u0165 v\u0161etky podmienky a pravidl\u00e1 \u00fa\u010dasti die\u0165a\u0165a v dennom detskom t\u00e1bore.<\/li>\n<\/ol>\n\n\n\n<p><strong>\u010cl. II<\/strong><br><strong>Uzavretie zmluvy<\/strong><\/p>\n\n\n\n<ol class=\"wp-block-list\">\n<li>Klient na z\u00e1klade ponuky Lezeck\u00e9ho klubu prejavil z\u00e1ujem o&nbsp;konkr\u00e9tny term\u00edn denn\u00e9ho detsk\u00e9ho t\u00e1bora a zaslal Lezeck\u00e9mu klubu vyplnen\u00fa prihl\u00e1\u0161ku.<\/li>\n\n\n\n<li>Na uzavretie Zmluvy musia by\u0165 splnen\u00e9 nasledovn\u00e9 podmienky:\n<ul class=\"wp-block-list\">\n<li>a)&nbsp;akceptovanie prihl\u00e1\u0161ky zo strany Lezeck\u00e9ho klubu a&nbsp;potvrdenie e-mailom na adresu Klienta<\/li>\n\n\n\n<li>b)&nbsp;\u00fahrada nevratnej z\u00e1lohy vo v\u00fd\u0161ke 35 Eur prevodom&nbsp;na \u00fa\u010det Lezeck\u00e9ho klubu:  SK76 0900 0000 0051 1206 0625 <strong>(<\/strong>po vystaven\u00ed a obdr\u017ean\u00ed fakt\u00fary od Lezeck\u00e9ho klubu!)<\/li>\n\n\n\n<li>c) uhradenie ceny za denn\u00fd detsk\u00fd t\u00e1bor v plnej v\u00fd\u0161ke Klientom.<\/li>\n<\/ul>\n<\/li>\n<\/ol>\n\n\n\n<p><strong>\u010cl. III<\/strong><br><strong>Platobn\u00e9 podmienky<\/strong><\/p>\n\n\n\n<ol class=\"wp-block-list\">\n<li>Cena za denn\u00fd detsk\u00fd t\u00e1bor je stanoven\u00e1 v&nbsp;prihl\u00e1\u0161ke a&nbsp;na webovej str\u00e1nke.<\/li>\n\n\n\n<li>V cene s\u00fa zahrnut\u00e9 nasledovn\u00e9 polo\u017eky:\n<ul class=\"wp-block-list\">\n<li>a) denn\u00e1 starostlivos\u0165 o die\u0165a pod veden\u00edm sk\u00fasen\u00fdch a vy\u0161kolen\u00fdch in\u0161truktorov,<\/li>\n\n\n\n<li>b) strava (desiata, obed, ovocie po\u010das d\u0148a)<\/li>\n\n\n\n<li>c) pitn\u00fd re\u017eim<\/li>\n\n\n\n<li>d) vstupn\u00e9 do lezeck\u00e9ho centra<\/li>\n\n\n\n<li>e) zapo\u017ei\u010danie v\u0161etk\u00e9ho potrebn\u00e9ho certifikovan\u00e9ho lezeck\u00e9ho materi\u00e1lu<\/li>\n\n\n\n<li>f) poistenie<\/li>\n\n\n\n<li>g) doprava do skaln\u00fdch oblast\u00ed<\/li>\n<\/ul>\n<\/li>\n\n\n\n<li>Po e-mailovom potvrden\u00ed prihl\u00e1\u0161ky zo strany Lezeck\u00e9ho klubu je potrebn\u00e9 obratom vykona\u0165 \u00fahradu nevratnej z\u00e1lohy vo v\u00fd\u0161ke 35 Eur, a\u017e po prip\u00edsan\u00ed tejto sumy na \u00fa\u010det je term\u00edn v\u00a0po\u017eadovanom term\u00edne z\u00e1v\u00e4zne rezervovan\u00fd. N\u00e1sledne je potrebn\u00e9 vykona\u0165 \u00fahradu za denn\u00fd t\u00e1bor v plnej v\u00fd\u0161ke po vystaven\u00ed a obdr\u017ean\u00ed fakt\u00fary od Lezeck\u00e9ho klubu.\n<ul class=\"wp-block-list\">\n<li>Term\u00edny:\n<ul class=\"wp-block-list\">\n<li><strong>6.7. \u2013 10.7.2026<\/strong><\/li>\n\n\n\n<li><strong>13.7. \u2013 17.7.2026<\/strong><\/li>\n\n\n\n<li><strong>27.7. \u2013 31.7.2026<\/strong><\/li>\n\n\n\n<li><strong>10.8. \u2013 14.8.2026<\/strong><\/li>\n\n\n\n<li><strong>17.8. \u2013 21.8.2026<\/strong><\/li>\n<\/ul>\n<\/li>\n<\/ul>\n<\/li>\n<\/ol>\n\n\n\n<ol class=\"wp-block-list\">\n<li>Sumu je mo\u017en\u00e9 uhradi\u0165 jedn\u00fdm z nasledovn\u00fdch sp\u00f4sobov:\n<ul class=\"wp-block-list\">\n<li>a) v&nbsp;hotovosti na&nbsp;Lezeckej stene BRUTALKA, Lieskovsk\u00e1 cesta 2184\/6960,01 Zvolen<\/li>\n\n\n\n<li>b) bankov\u00fdm prevodom na \u00fa\u010det SK76 0900 0000 0051 1206 0625 (po vystaven\u00ed a obdr\u017ean\u00ed fakt\u00fary od Lezeck\u00e9ho klubu).<\/li>\n<\/ul>\n<\/li>\n\n\n\n<li>V pr\u00edpade, \u017ee bude suma uhraden\u00e1 oneskorene, Lezeck\u00fd klub si vyhradzuje pr\u00e1vo odst\u00fapi\u0165 od Zmluvy, ak je vybran\u00fd term\u00edn denn\u00e9ho detsk\u00e9ho t\u00e1bora obsaden\u00fd.<\/li>\n\n\n\n<li>V pr\u00edpade, ak Lezeck\u00fd klub vyu\u017eije svoje pr\u00e1vo pod\u013ea ods. 6 tohto \u010dl\u00e1nku a odst\u00fapi od Zmluvy, Lezeck\u00fd klub sa zav\u00e4zuje bez zbyto\u010dn\u00e9ho odkladu kontaktova\u0165 Klienta a Lezeck\u00fd klub je povinn\u00fd vr\u00e1ti\u0165 Klientovi cenu v plnej v\u00fd\u0161ke, a to do 30 dn\u00ed odo d\u0148a ozn\u00e1menia danej skuto\u010dnosti.<\/li>\n<\/ol>\n\n\n\n<p><strong>\u010cl. IV<\/strong><br><strong>Pr\u00e1va a povinnosti Lezeck\u00e9ho klubu<\/strong><\/p>\n\n\n\n<ol class=\"wp-block-list\">\n<li>Lezeck\u00fd klub si vyhradzuje pr\u00e1vo zmeni\u0165 program denn\u00e9ho detsk\u00e9ho t\u00e1bora, ako aj miesto konania denn\u00e9ho detsk\u00e9ho t\u00e1bora, a to z nasledovn\u00fdch d\u00f4vodov:\n<ul class=\"wp-block-list\">\n<li>a) nevhodn\u00e9 po\u010dasie,<\/li>\n\n\n\n<li>b) prek\u00e1\u017eky na strane dod\u00e1vate\u013ea alebo zmluvn\u00e9ho partnera Lezeck\u00e9ho klubu.<\/li>\n<\/ul>\n<\/li>\n\n\n\n<li>Lezeck\u00fd klub m\u00e1 pr\u00e1vo zru\u0161i\u0165 term\u00edn denn\u00e9ho detsk\u00e9ho t\u00e1bora v nasledovn\u00fdch pr\u00edpadoch:\n<ul class=\"wp-block-list\">\n<li>a) nedostato\u010dn\u00e1 obsadenos\u0165 term\u00ednu denn\u00e9ho detsk\u00e9ho t\u00e1bora,<\/li>\n\n\n\n<li>b) bezprostredn\u00e1 hrozba \u017eiveln\u00fdch pohr\u00f4m (napr. po\u017eiar, povode\u0148 a pod.),<\/li>\n\n\n\n<li>c) v\u00fdskyt nebezpe\u010dn\u00fdch n\u00e1kaz.<\/li>\n<\/ul>\n<\/li>\n\n\n\n<li>V pr\u00edpade zru\u0161enia term\u00ednu denn\u00e9ho detsk\u00e9ho t\u00e1bora je Lezeck\u00fd klub povinn\u00fd vr\u00e1ti\u0165 cenu v plnej v\u00fd\u0161ke, a to do 30 dn\u00ed odo d\u0148a ozn\u00e1menia o zru\u0161en\u00ed term\u00ednu denn\u00e9ho detsk\u00e9ho t\u00e1bora.<\/li>\n<\/ol>\n\n\n\n<p><strong>\u010cl. V<\/strong><br><strong>Pr\u00e1va a povinnosti Klienta<\/strong><\/p>\n\n\n\n<ol class=\"wp-block-list\">\n<li>Klient je povinn\u00fd najnesk\u00f4r v de\u0148 n\u00e1stupu die\u0165a\u0165a do denn\u00e9ho detsk\u00e9ho t\u00e1bora doru\u010di\u0165 Lezeck\u00e9mu klubu:\n<ul class=\"wp-block-list\">\n<li>a) k\u00f3piu preukazu poistenca die\u0165a\u0165a,<\/li>\n\n\n\n<li>b) vyhl\u00e1senie z\u00e1konn\u00e9ho z\u00e1stupcu o zdravotnom stave die\u0165a\u0165a nie star\u0161ie ako jeden de\u0148 pred n\u00e1stupom die\u0165a\u0165a do denn\u00e9ho detsk\u00e9ho t\u00e1bora.<\/li>\n<\/ul>\n<\/li>\n\n\n\n<li>V pr\u00edpade, \u017ee Klient alebo osoba n\u00edm splnomocnen\u00e1 nedoru\u010d\u00ed ktor\u00fdko\u013evek z dokumentov pod\u013ea ods. 1 tohto \u010dl\u00e1nku najnesk\u00f4r v de\u0148 n\u00e1stupu die\u0165a\u0165a do denn\u00e9ho detsk\u00e9ho t\u00e1bora, je Lezeck\u00fd klub opr\u00e1vnen\u00fd odst\u00fapi\u0165 od Zmluvy a Klient nem\u00e1 n\u00e1rok na vr\u00e1tenie ceny.<\/li>\n\n\n\n<li>Klient alebo osoba n\u00edm splnomocnen\u00e1, je povinn\u00fd privies\u0165 die\u0165a na programom stanoven\u00e9 miesto a v ur\u010denom \u010dasovom rozp\u00e4t\u00ed.<\/li>\n\n\n\n<li>Klient alebo osoba n\u00edm splnomocnen\u00e1, je povinn\u00fd die\u0165a vyzdvihn\u00fa\u0165, a to v&nbsp;ur\u010denom \u010dasovom rozp\u00e4t\u00ed a na mieste ur\u010denom programom. V pr\u00edpade oneskoren\u00e9ho vyzdvihnutia die\u0165a\u0165a m\u00e1 Lezeck\u00fd klub pr\u00e1vo za ka\u017ed\u00fa za\u010dat\u00fa hodinu ome\u0161kania s vyzdvihnut\u00edm vybra\u0165 od Klienta poplatok z ome\u0161kania vo v\u00fd\u0161ke 10 Eur.<\/li>\n\n\n\n<li>Klient alebo osoba n\u00edm splnomocnen\u00e1, m\u00e1 povinnos\u0165 p\u00edsomne informova\u0165 Lezeck\u00fd klub o:\n<ul class=\"wp-block-list\">\n<li>a) alergi\u00e1ch, ktor\u00fdmi die\u0165a trp\u00ed,<\/li>\n\n\n\n<li>b) ochoreniach, ktor\u00fdmi die\u0165a trp\u00ed,<\/li>\n\n\n\n<li>c) in\u00fdch zdravotn\u00fdch resp. soci\u00e1lnych \u0165a\u017ekostiach, ktor\u00e9 by mohli po\u010das denn\u00e9ho detsk\u00e9ho t\u00e1bora u die\u0165a\u0165a nasta\u0165 alebo ktor\u00e9 by mohli \u00fa\u010das\u0165 die\u0165a\u0165a na dennom detskom t\u00e1bore obmedzi\u0165.<\/li>\n<\/ul>\n<\/li>\n\n\n\n<li>V pr\u00edpade, \u017ee Klient p\u00edsomne informuje Lezeck\u00fd klub pod\u013ea ods. 5, je z\u00e1rove\u0148 povinn\u00fd poskytn\u00fa\u0165\/odovzda\u0165 lieky Lezeck\u00e9mu klubu vz\u0165ahuj\u00face sa k ozn\u00e1menej alergii alebo ochoreniu, ak die\u0165a tak\u00e9 lieky u\u017e\u00edva a pou\u010di\u0165 Lezeck\u00fd klub o d\u00e1vkovan\u00ed liekov.<\/li>\n<\/ol>\n\n\n\n<p><strong>\u010cl. VI<\/strong><br><strong>Odst\u00fapenie od Zmluvy<\/strong><\/p>\n\n\n\n<ol class=\"wp-block-list\">\n<li>V pr\u00edpade odst\u00fapenia je Klient povinn\u00fd uhradi\u0165 poplatok, a to vo v\u00fd\u0161ke, ktor\u00e1 sa vypo\u010d\u00edta nasledovn\u00fdm sp\u00f4sobom:\n<ul class=\"wp-block-list\">\n<li>a)&nbsp;v pr\u00edpade odst\u00fapenia do 10 pracovn\u00fdch dn\u00ed pred n\u00e1stupom do denn\u00e9ho detsk\u00e9ho t\u00e1bora &#8211; Lezeck\u00fd klub Klientovi vr\u00e1ti (100% \u00fahrady m\u00ednus nevratn\u00e1 z\u00e1loha 35 Eur), tzn. 150 Eur,<\/li>\n\n\n\n<li>b) v pr\u00edpade odst\u00fapenia do 2 &#8211; 9 pracovn\u00fdch dn\u00ed pred n\u00e1stupom do denn\u00e9ho detsk\u00e9ho t\u00e1bora &#8211; Lezeck\u00fd klub Klientovi vr\u00e1ti (50% \u00fahrady pon\u00ed\u017eenej o nevratn\u00fa z\u00e1lohu 35 Eur), tzn. 75 Eur,<\/li>\n\n\n\n<li>c) V&nbsp;pr\u00edpade odst\u00fapenia&nbsp;v&nbsp;posledn\u00fd pracovn\u00fd de\u0148&nbsp;pred za\u010diatkom t\u00e1bora, alebo v de\u0148 n\u00e1stupu&nbsp;na detsk\u00fd t\u00e1bor alebo&nbsp;ak die\u0165a nenast\u00fapilo&nbsp;na denn\u00fd detsk\u00fd t\u00e1bor v\u00f4bec \u2013 100% z Ceny denn\u00e9ho detsk\u00e9ho t\u00e1bora (Klient nem\u00e1 n\u00e1rok na vr\u00e1tenie ceny).<\/li>\n<\/ul>\n<\/li>\n\n\n\n<li>Lezeck\u00fd klub m\u00e1 pr\u00e1vo odst\u00fapi\u0165 od Zmluvy, a to v pr\u00edpade, ak die\u0165a z\u00e1va\u017en\u00fdm sp\u00f4sobom poru\u0161uje discipl\u00ednu a&nbsp;nere\u0161pektuje pokyny in\u0161truktorov, \u010di t\u00e1borov\u00fd poriadok. V takom pr\u00edpade Klient nem\u00e1 n\u00e1rok na vr\u00e1tenie ceny, ani jej \u010dasti.<\/li>\n<\/ol>\n\n\n\n<p><strong>\u010cl. VII<\/strong><br><strong>Vyhl\u00e1senia zmluvn\u00fdch str\u00e1n<\/strong><\/p>\n\n\n\n<ol class=\"wp-block-list\">\n<li>Klient vyhlasuje, \u017ee die\u0165a, ktor\u00e9 do denn\u00e9ho detsk\u00e9ho t\u00e1bora prihl\u00e1sil:\n<ul class=\"wp-block-list\">\n<li>a) m\u00e1 z\u00e1kladn\u00e9 soci\u00e1lne n\u00e1vyky,<\/li>\n\n\n\n<li>b)&nbsp;m\u00e1 ukon\u010den\u00fd prv\u00fd ro\u010dn\u00edk z\u00e1kladnej \u0161koly,<\/li>\n\n\n\n<li>c) je schopn\u00e9 zaradi\u0165 sa do kolekt\u00edvu a nevy\u017eaduje poobedn\u00fd sp\u00e1nok,<\/li>\n\n\n\n<li>d) je schopn\u00e9 prija\u0165 autoritu a re\u0161pektova\u0165 pokyny in\u0161truktorov,<\/li>\n\n\n\n<li>e) je schopn\u00e9 str\u00e1vi\u0165 de\u0148 bez pr\u00edtomnosti svojho rodi\u010da.<\/li>\n<\/ul>\n<\/li>\n\n\n\n<li>Klient vyhlasuje, \u017ee nebude svojou pr\u00edtomnos\u0165ou, n\u00e1v\u0161tevou alebo opakovan\u00fdm telefonick\u00fdm kontaktom bezd\u00f4vodne nar\u00fa\u0161a\u0165 priebeh denn\u00e9ho detsk\u00e9ho t\u00e1bora.<\/li>\n\n\n\n<li>Klient pou\u010d\u00ed die\u0165a pred n\u00e1stupom na denn\u00fd detsk\u00fd t\u00e1bor o tom, \u017ee:\n<ul class=\"wp-block-list\">\n<li>si m\u00e1 d\u00e1va\u0165 pozor na svoje zdravie a zdravie ostatn\u00fdch \u00fa\u010dastn\u00edkov t\u00e1bora a zbyto\u010dne ho neohrozova\u0165,<\/li>\n\n\n\n<li>m\u00e1 dodr\u017eiava\u0165 pokyny ved\u00faceho t\u00e1bora a in\u0161truktorov,<\/li>\n\n\n\n<li>je povinn\u00e9 okam\u017eite informova\u0165 svojho in\u0161truktora o ak\u00fdchko\u013evek zdravotn\u00fdch \u0165a\u017ekostiach, ktor\u00fdmi by die\u0165a trpelo ako je nevo\u013enos\u0165, boles\u0165 hlavy, brucha a in\u00e9,<\/li>\n\n\n\n<li>je povinn\u00e9 hl\u00e1si\u0165 in\u0161truktorovi ak\u00e9ko\u013evek vzdialenie sa od skupiny (WC, pitie, at\u010f.).<\/li>\n<\/ul>\n<\/li>\n<\/ol>\n","protected":false},"excerpt":{"rendered":"<p>V\u0161eobecn\u00e9 zmluvn\u00e9 podmienky \u00fa\u010dasti na denn\u00fdch detsk\u00fdch t\u00e1boroch organizovan\u00fdch ob\u010dianskym zdru\u017een\u00edm Brutalka Zvolen Lezeck\u00fd klub Brutalka Zvolen o.z. , Lieskovsk\u00e1 cesta 6, Zvolen, 96001 v spolupr\u00e1ci s lezeckou stenou Brutalka, HTM trade spol.s r.o.Gen. Svobodu&nbsp;1974\/21&nbsp;Zvolen&nbsp;960 01&nbsp;36 621 773, prev\u00e1dzka BRUTALKA &#8211; Lezeck\u00e1 stena Lieskovsk\u00e1 cesta 2184\/6960, 01 Zvolen, (\u010falej len Lezeck\u00fd klub) organizuje denn\u00e9 detsk\u00e9 [&hellip;]<\/p>\n","protected":false},"author":1,"featured_media":0,"parent":452,"menu_order":0,"comment_status":"closed","ping_status":"closed","template":"","meta":{"_monsterinsights_skip_tracking":false,"_monsterinsights_sitenote_active":false,"_monsterinsights_sitenote_note":"","_monsterinsights_sitenote_category":0,"footnotes":""},"class_list":["post-454","page","type-page","status-publish","hentry"],"yoast_head":"<!-- This site is optimized with the Yoast SEO plugin v17.7.1 - https:\/\/yoast.com\/wordpress\/plugins\/seo\/ -->\n<title>Podmienky denn\u00e9ho lezeck\u00e9ho t\u00e1bora - Brutalka<\/title>\n<meta name=\"robots\" content=\"index, follow, max-snippet:-1, max-image-preview:large, max-video-preview:-1\" \/>\n<link rel=\"canonical\" href=\"https:\/\/www.brutalka.sk\/?page_id=454\" \/>\n<meta property=\"og:locale\" content=\"sk_SK\" \/>\n<meta property=\"og:type\" content=\"article\" \/>\n<meta property=\"og:title\" content=\"Podmienky denn\u00e9ho lezeck\u00e9ho t\u00e1bora - Brutalka\" \/>\n<meta property=\"og:description\" content=\"V\u0161eobecn\u00e9 zmluvn\u00e9 podmienky \u00fa\u010dasti na denn\u00fdch detsk\u00fdch t\u00e1boroch organizovan\u00fdch ob\u010dianskym zdru\u017een\u00edm Brutalka Zvolen Lezeck\u00fd klub Brutalka Zvolen o.z. , Lieskovsk\u00e1 cesta 6, Zvolen, 96001 v spolupr\u00e1ci s lezeckou stenou Brutalka, HTM trade spol.s r.o.Gen. Svobodu&nbsp;1974\/21&nbsp;Zvolen&nbsp;960 01&nbsp;36 621 773, prev\u00e1dzka BRUTALKA &#8211; Lezeck\u00e1 stena Lieskovsk\u00e1 cesta 2184\/6960, 01 Zvolen, (\u010falej len Lezeck\u00fd klub) organizuje denn\u00e9 detsk\u00e9 [&hellip;]\" \/>\n<meta property=\"og:url\" content=\"https:\/\/www.brutalka.sk\/?page_id=454\" \/>\n<meta property=\"og:site_name\" content=\"Brutalka\" \/>\n<meta property=\"article:modified_time\" content=\"2026-04-10T17:35:52+00:00\" \/>\n<meta name=\"twitter:card\" content=\"summary_large_image\" \/>\n<meta name=\"twitter:label1\" content=\"Predpokladan\u00fd \u010das \u010d\u00edtania\" \/>\n\t<meta name=\"twitter:data1\" content=\"5 min\u00fat\" \/>\n<script type=\"application\/ld+json\" class=\"yoast-schema-graph\">{\"@context\":\"https:\/\/schema.org\",\"@graph\":[{\"@type\":\"WebSite\",\"@id\":\"https:\/\/www.brutalka.sk\/#website\",\"url\":\"https:\/\/www.brutalka.sk\/\",\"name\":\"Brutalka\",\"description\":\"\",\"potentialAction\":[{\"@type\":\"SearchAction\",\"target\":{\"@type\":\"EntryPoint\",\"urlTemplate\":\"https:\/\/www.brutalka.sk\/?s={search_term_string}\"},\"query-input\":\"required name=search_term_string\"}],\"inLanguage\":\"sk-SK\"},{\"@type\":\"WebPage\",\"@id\":\"https:\/\/www.brutalka.sk\/?page_id=454#webpage\",\"url\":\"https:\/\/www.brutalka.sk\/?page_id=454\",\"name\":\"Podmienky denn\\u00e9ho lezeck\\u00e9ho t\\u00e1bora - Brutalka\",\"isPartOf\":{\"@id\":\"https:\/\/www.brutalka.sk\/#website\"},\"datePublished\":\"2022-05-28T12:16:58+00:00\",\"dateModified\":\"2026-04-10T17:35:52+00:00\",\"breadcrumb\":{\"@id\":\"https:\/\/www.brutalka.sk\/?page_id=454#breadcrumb\"},\"inLanguage\":\"sk-SK\",\"potentialAction\":[{\"@type\":\"ReadAction\",\"target\":[\"https:\/\/www.brutalka.sk\/?page_id=454\"]}]},{\"@type\":\"BreadcrumbList\",\"@id\":\"https:\/\/www.brutalka.sk\/?page_id=454#breadcrumb\",\"itemListElement\":[{\"@type\":\"ListItem\",\"position\":1,\"name\":\"Home\",\"item\":\"https:\/\/www.brutalka.sk\/\"},{\"@type\":\"ListItem\",\"position\":2,\"name\":\"Detsk\\u00e9 t\\u00e1bory\",\"item\":\"https:\/\/www.brutalka.sk\/?page_id=452\"},{\"@type\":\"ListItem\",\"position\":3,\"name\":\"Podmienky denn\\u00e9ho lezeck\\u00e9ho t\\u00e1bora\"}]}]}<\/script>\n<!-- \/ Yoast SEO plugin. -->","yoast_head_json":{"title":"Podmienky denn\u00e9ho lezeck\u00e9ho t\u00e1bora - Brutalka","robots":{"index":"index","follow":"follow","max-snippet":"max-snippet:-1","max-image-preview":"max-image-preview:large","max-video-preview":"max-video-preview:-1"},"canonical":"https:\/\/www.brutalka.sk\/?page_id=454","og_locale":"sk_SK","og_type":"article","og_title":"Podmienky denn\u00e9ho lezeck\u00e9ho t\u00e1bora - Brutalka","og_description":"V\u0161eobecn\u00e9 zmluvn\u00e9 podmienky \u00fa\u010dasti na denn\u00fdch detsk\u00fdch t\u00e1boroch organizovan\u00fdch ob\u010dianskym zdru\u017een\u00edm Brutalka Zvolen Lezeck\u00fd klub Brutalka Zvolen o.z. , Lieskovsk\u00e1 cesta 6, Zvolen, 96001 v spolupr\u00e1ci s lezeckou stenou Brutalka, HTM trade spol.s r.o.Gen. Svobodu&nbsp;1974\/21&nbsp;Zvolen&nbsp;960 01&nbsp;36 621 773, prev\u00e1dzka BRUTALKA &#8211; Lezeck\u00e1 stena Lieskovsk\u00e1 cesta 2184\/6960, 01 Zvolen, (\u010falej len Lezeck\u00fd klub) organizuje denn\u00e9 detsk\u00e9 [&hellip;]","og_url":"https:\/\/www.brutalka.sk\/?page_id=454","og_site_name":"Brutalka","article_modified_time":"2026-04-10T17:35:52+00:00","twitter_card":"summary_large_image","twitter_misc":{"Predpokladan\u00fd \u010das \u010d\u00edtania":"5 min\u00fat"},"schema":{"@context":"https:\/\/schema.org","@graph":[{"@type":"WebSite","@id":"https:\/\/www.brutalka.sk\/#website","url":"https:\/\/www.brutalka.sk\/","name":"Brutalka","description":"","potentialAction":[{"@type":"SearchAction","target":{"@type":"EntryPoint","urlTemplate":"https:\/\/www.brutalka.sk\/?s={search_term_string}"},"query-input":"required name=search_term_string"}],"inLanguage":"sk-SK"},{"@type":"WebPage","@id":"https:\/\/www.brutalka.sk\/?page_id=454#webpage","url":"https:\/\/www.brutalka.sk\/?page_id=454","name":"Podmienky denn\u00e9ho lezeck\u00e9ho t\u00e1bora - Brutalka","isPartOf":{"@id":"https:\/\/www.brutalka.sk\/#website"},"datePublished":"2022-05-28T12:16:58+00:00","dateModified":"2026-04-10T17:35:52+00:00","breadcrumb":{"@id":"https:\/\/www.brutalka.sk\/?page_id=454#breadcrumb"},"inLanguage":"sk-SK","potentialAction":[{"@type":"ReadAction","target":["https:\/\/www.brutalka.sk\/?page_id=454"]}]},{"@type":"BreadcrumbList","@id":"https:\/\/www.brutalka.sk\/?page_id=454#breadcrumb","itemListElement":[{"@type":"ListItem","position":1,"name":"Home","item":"https:\/\/www.brutalka.sk\/"},{"@type":"ListItem","position":2,"name":"Detsk\u00e9 t\u00e1bory","item":"https:\/\/www.brutalka.sk\/?page_id=452"},{"@type":"ListItem","position":3,"name":"Podmienky denn\u00e9ho lezeck\u00e9ho t\u00e1bora"}]}]}},"_links":{"self":[{"href":"https:\/\/www.brutalka.sk\/index.php?rest_route=\/wp\/v2\/pages\/454","targetHints":{"allow":["GET"]}}],"collection":[{"href":"https:\/\/www.brutalka.sk\/index.php?rest_route=\/wp\/v2\/pages"}],"about":[{"href":"https:\/\/www.brutalka.sk\/index.php?rest_route=\/wp\/v2\/types\/page"}],"author":[{"embeddable":true,"href":"https:\/\/www.brutalka.sk\/index.php?rest_route=\/wp\/v2\/users\/1"}],"replies":[{"embeddable":true,"href":"https:\/\/www.brutalka.sk\/index.php?rest_route=%2Fwp%2Fv2%2Fcomments&post=454"}],"version-history":[{"count":5,"href":"https:\/\/www.brutalka.sk\/index.php?rest_route=\/wp\/v2\/pages\/454\/revisions"}],"predecessor-version":[{"id":2434,"href":"https:\/\/www.brutalka.sk\/index.php?rest_route=\/wp\/v2\/pages\/454\/revisions\/2434"}],"up":[{"embeddable":true,"href":"https:\/\/www.brutalka.sk\/index.php?rest_route=\/wp\/v2\/pages\/452"}],"wp:attachment":[{"href":"https:\/\/www.brutalka.sk\/index.php?rest_route=%2Fwp%2Fv2%2Fmedia&parent=454"}],"curies":[{"name":"wp","href":"https:\/\/api.w.org\/{rel}","templated":true}]}}