{"id":809,"date":"2023-06-01T14:50:41","date_gmt":"2023-06-01T12:50:41","guid":{"rendered":"https:\/\/www.brutalka.sk\/?page_id=809"},"modified":"2023-12-21T10:30:49","modified_gmt":"2023-12-21T09:30:49","slug":"boulder-bomba-4","status":"publish","type":"page","link":"https:\/\/www.brutalka.sk\/?page_id=809","title":{"rendered":"\ud83d\udea8 BOULDER BOMBA #5 \ud83d\udea8"},"content":{"rendered":"\n<div class=\"wp-block-columns is-layout-flex wp-container-core-columns-is-layout-1 wp-block-columns-is-layout-flex\">\n<div class=\"wp-block-column is-layout-flow wp-block-column-is-layout-flow\" style=\"flex-basis:100%\">\n<div class=\"wp-block-media-text alignwide is-stacked-on-mobile\" style=\"grid-template-columns:41% auto\"><figure class=\"wp-block-media-text__media\"><img loading=\"lazy\" decoding=\"async\" width=\"724\" height=\"1024\" src=\"https:\/\/www.brutalka.sk\/wp-content\/uploads\/2023\/12\/Bomba5_compressed-1-724x1024.jpeg\" alt=\"\" class=\"wp-image-947 size-full\" srcset=\"https:\/\/www.brutalka.sk\/wp-content\/uploads\/2023\/12\/Bomba5_compressed-1-724x1024.jpeg 724w, https:\/\/www.brutalka.sk\/wp-content\/uploads\/2023\/12\/Bomba5_compressed-1-212x300.jpeg 212w, https:\/\/www.brutalka.sk\/wp-content\/uploads\/2023\/12\/Bomba5_compressed-1-768x1087.jpeg 768w, https:\/\/www.brutalka.sk\/wp-content\/uploads\/2023\/12\/Bomba5_compressed-1-1086x1536.jpeg 1086w, https:\/\/www.brutalka.sk\/wp-content\/uploads\/2023\/12\/Bomba5_compressed-1-1447x2048.jpeg 1447w, https:\/\/www.brutalka.sk\/wp-content\/uploads\/2023\/12\/Bomba5_compressed-1-scaled.jpeg 1809w\" sizes=\"auto, (max-width: 724px) 100vw, 724px\" \/><\/figure><div class=\"wp-block-media-text__content\">\n<p>BRUTALKA Zvolen \u0165a poz\u00fdva na koncoro\u010dn\u00fa&nbsp;BOULDER BOMBU, ktor\u00e1 sa bude kona\u0165 30.12.2023. <\/p>\n\n\n\n<p>Ako u\u017e klasick\u00fd aj tento kr\u00e1t p\u00f4jde o piatkov\u00e9 ve\u010dern\u00e9 preteky v&nbsp;boulderingu.<\/p>\n\n\n\n<p>Na v\u0161etk\u00fdch bude na Brutalke \u010dak\u00e1\u0165 zbrusu nov\u00fdch 25 brut\u00e1l bouldrov.<\/p>\n\n\n\n<p>S\u00fa\u0165a\u017e bude prebieha\u0165 od 17:00 do 21:00. <\/p>\n\n\n\n<p>Medzi s\u00fa\u0165a\u017en\u00fdmi bouldrami sa m\u00f4\u017eete te\u0161i\u0165 na:<\/p>\n\n\n\n<ul class=\"wp-block-list\"><li>DnB\/Techno\/Psy mixy<\/li><li>Pivko a Kofola<\/li><li>Brutal ch\u00e1lku na ve\u010deru<\/li><\/ul>\n\n\n\n<p><\/p>\n\n\n\n<p>AfterParty ist\u00e1, tak\u017ee treba po\u010d\u00edta\u0165 s&nbsp;presp\u00e1va\u010dkou pod bouldrami.<\/p>\n\n\n\n<p>\u0160tartovn\u00e9 je 22eur.<\/p>\n\n\n\n<p><br><strong>Pozn\u00e1mka:<\/strong> Do s\u00fa\u0165a\u017en\u00e9ho\u00a0vyhodnotenia\u00a0budu zahrnut\u00fd\u00a0iba pretek\u00e1ri, ktor\u00ed spadaj\u00fa\u00a0do kateg\u00f3ri\u00ed dospel\u00ed\u00a0a ml\u00e1de\u017e, \u010di\u017ee vo veku 16+.<\/p>\n\n\n\n<p>Te\u0161\u00edme sa \/ Vid\u00edme sa \/ Tr\u00e9nujte \ud83d\ude1c&nbsp;<\/p>\n\n\n\n<p>Preteky s\u00fa zaraden\u00e9 do SPDaM kateg\u00f3rie C.<\/p>\n<\/div><\/div>\n<\/div>\n<\/div>\n\n\n\n<div class=\"wp-block-columns is-layout-flex wp-container-core-columns-is-layout-2 wp-block-columns-is-layout-flex\">\n<div class=\"wp-block-column is-layout-flow wp-block-column-is-layout-flow\">\n<p class=\"has-text-align-center has-huge-font-size\"><meta charset=\"utf-8\"><strong>REGISTRACIA<\/strong><\/p>\n\n\n\n<iframe loading=\"lazy\" src=\"https:\/\/docs.google.com\/forms\/d\/e\/1FAIpQLSf9CsBi0F79nCGitkXnbmYicFQ6El7s5xwa647klluwB7qGtg\/viewform?embedded=true\" width=\"640\" height=\"1868\" frameborder=\"0\" marginheight=\"0\" marginwidth=\"0\">Na\u010d\u00edt\u00e1n\u00ed\u2026<\/iframe>\n<\/div>\n\n\n\n<div class=\"wp-block-column is-layout-flow wp-block-column-is-layout-flow\">\n<p class=\"has-text-align-center has-huge-font-size\"><meta charset=\"utf-8\"><strong>\u0160TARTOVKA<\/strong><\/p>\n\n\n\n<iframe loading=\"lazy\" src=\"https:\/\/docs.google.com\/spreadsheets\/d\/1za2MSNJIsaYgn84UaF--3Jaz0GRidzVua82Xw0eVC9Q\/edit?resourcekey#gid=1268553226\" height=\"850\" width=\"1640\" frameborder=\"0\" marginheight=\"0\" marginwidth=\"0\"><\/iframe>\n<\/div>\n<\/div>\n","protected":false},"excerpt":{"rendered":"<p>BRUTALKA Zvolen \u0165a poz\u00fdva na koncoro\u010dn\u00fa&nbsp;BOULDER BOMBU, ktor\u00e1 sa bude kona\u0165 30.12.2023. Ako u\u017e klasick\u00fd aj tento kr\u00e1t p\u00f4jde o piatkov\u00e9 ve\u010dern\u00e9 preteky v&nbsp;boulderingu. Na v\u0161etk\u00fdch bude na Brutalke \u010dak\u00e1\u0165 zbrusu nov\u00fdch 25 brut\u00e1l bouldrov. S\u00fa\u0165a\u017e bude prebieha\u0165 od 17:00 do 21:00. Medzi s\u00fa\u0165a\u017en\u00fdmi bouldrami sa m\u00f4\u017eete te\u0161i\u0165 na: DnB\/Techno\/Psy mixy Pivko a Kofola Brutal [&hellip;]<\/p>\n","protected":false},"author":1,"featured_media":0,"parent":118,"menu_order":0,"comment_status":"closed","ping_status":"closed","template":"","meta":{"_monsterinsights_skip_tracking":false,"_monsterinsights_sitenote_active":false,"_monsterinsights_sitenote_note":"","_monsterinsights_sitenote_category":0,"footnotes":""},"class_list":["post-809","page","type-page","status-publish","hentry"],"yoast_head":"<!-- This site is optimized with the Yoast SEO plugin v17.7.1 - https:\/\/yoast.com\/wordpress\/plugins\/seo\/ -->\n<title>\ud83d\udea8 BOULDER BOMBA #5 \ud83d\udea8 - Brutalka<\/title>\n<meta name=\"robots\" content=\"index, follow, max-snippet:-1, max-image-preview:large, max-video-preview:-1\" \/>\n<link rel=\"canonical\" href=\"https:\/\/www.brutalka.sk\/?page_id=809\" \/>\n<meta property=\"og:locale\" content=\"sk_SK\" \/>\n<meta property=\"og:type\" content=\"article\" \/>\n<meta property=\"og:title\" content=\"\ud83d\udea8 BOULDER BOMBA #5 \ud83d\udea8 - Brutalka\" \/>\n<meta property=\"og:description\" content=\"BRUTALKA Zvolen \u0165a poz\u00fdva na koncoro\u010dn\u00fa&nbsp;BOULDER BOMBU, ktor\u00e1 sa bude kona\u0165 30.12.2023. Ako u\u017e klasick\u00fd aj tento kr\u00e1t p\u00f4jde o piatkov\u00e9 ve\u010dern\u00e9 preteky v&nbsp;boulderingu. Na v\u0161etk\u00fdch bude na Brutalke \u010dak\u00e1\u0165 zbrusu nov\u00fdch 25 brut\u00e1l bouldrov. S\u00fa\u0165a\u017e bude prebieha\u0165 od 17:00 do 21:00. Medzi s\u00fa\u0165a\u017en\u00fdmi bouldrami sa m\u00f4\u017eete te\u0161i\u0165 na: DnB\/Techno\/Psy mixy Pivko a Kofola Brutal [&hellip;]\" \/>\n<meta property=\"og:url\" content=\"https:\/\/www.brutalka.sk\/?page_id=809\" \/>\n<meta property=\"og:site_name\" content=\"Brutalka\" \/>\n<meta property=\"article:modified_time\" content=\"2023-12-21T09:30:49+00:00\" \/>\n<meta property=\"og:image\" content=\"https:\/\/www.brutalka.sk\/wp-content\/uploads\/2023\/12\/Bomba5_compressed-1-724x1024.jpeg\" \/>\n<meta name=\"twitter:card\" content=\"summary_large_image\" \/>\n<meta name=\"twitter:label1\" content=\"Predpokladan\u00fd \u010das \u010d\u00edtania\" \/>\n\t<meta name=\"twitter:data1\" content=\"1 min\u00fata\" \/>\n<script type=\"application\/ld+json\" class=\"yoast-schema-graph\">{\"@context\":\"https:\/\/schema.org\",\"@graph\":[{\"@type\":\"WebSite\",\"@id\":\"https:\/\/www.brutalka.sk\/#website\",\"url\":\"https:\/\/www.brutalka.sk\/\",\"name\":\"Brutalka\",\"description\":\"\",\"potentialAction\":[{\"@type\":\"SearchAction\",\"target\":{\"@type\":\"EntryPoint\",\"urlTemplate\":\"https:\/\/www.brutalka.sk\/?s={search_term_string}\"},\"query-input\":\"required name=search_term_string\"}],\"inLanguage\":\"sk-SK\"},{\"@type\":\"ImageObject\",\"@id\":\"https:\/\/www.brutalka.sk\/?page_id=809#primaryimage\",\"inLanguage\":\"sk-SK\",\"url\":\"https:\/\/www.brutalka.sk\/wp-content\/uploads\/2023\/12\/Bomba5_compressed-1-scaled.jpeg\",\"contentUrl\":\"https:\/\/www.brutalka.sk\/wp-content\/uploads\/2023\/12\/Bomba5_compressed-1-scaled.jpeg\",\"width\":1809,\"height\":2560},{\"@type\":\"WebPage\",\"@id\":\"https:\/\/www.brutalka.sk\/?page_id=809#webpage\",\"url\":\"https:\/\/www.brutalka.sk\/?page_id=809\",\"name\":\"\\ud83d\\udea8 BOULDER BOMBA #5 \\ud83d\\udea8 - Brutalka\",\"isPartOf\":{\"@id\":\"https:\/\/www.brutalka.sk\/#website\"},\"primaryImageOfPage\":{\"@id\":\"https:\/\/www.brutalka.sk\/?page_id=809#primaryimage\"},\"datePublished\":\"2023-06-01T12:50:41+00:00\",\"dateModified\":\"2023-12-21T09:30:49+00:00\",\"breadcrumb\":{\"@id\":\"https:\/\/www.brutalka.sk\/?page_id=809#breadcrumb\"},\"inLanguage\":\"sk-SK\",\"potentialAction\":[{\"@type\":\"ReadAction\",\"target\":[\"https:\/\/www.brutalka.sk\/?page_id=809\"]}]},{\"@type\":\"BreadcrumbList\",\"@id\":\"https:\/\/www.brutalka.sk\/?page_id=809#breadcrumb\",\"itemListElement\":[{\"@type\":\"ListItem\",\"position\":1,\"name\":\"Home\",\"item\":\"https:\/\/www.brutalka.sk\/\"},{\"@type\":\"ListItem\",\"position\":2,\"name\":\"\\u00davod\",\"item\":\"https:\/\/www.brutalka.sk\/\"},{\"@type\":\"ListItem\",\"position\":3,\"name\":\"\\ud83d\\udea8 BOULDER BOMBA #5 \\ud83d\\udea8\"}]}]}<\/script>\n<!-- \/ Yoast SEO plugin. -->","yoast_head_json":{"title":"\ud83d\udea8 BOULDER BOMBA #5 \ud83d\udea8 - Brutalka","robots":{"index":"index","follow":"follow","max-snippet":"max-snippet:-1","max-image-preview":"max-image-preview:large","max-video-preview":"max-video-preview:-1"},"canonical":"https:\/\/www.brutalka.sk\/?page_id=809","og_locale":"sk_SK","og_type":"article","og_title":"\ud83d\udea8 BOULDER BOMBA #5 \ud83d\udea8 - Brutalka","og_description":"BRUTALKA Zvolen \u0165a poz\u00fdva na koncoro\u010dn\u00fa&nbsp;BOULDER BOMBU, ktor\u00e1 sa bude kona\u0165 30.12.2023. Ako u\u017e klasick\u00fd aj tento kr\u00e1t p\u00f4jde o piatkov\u00e9 ve\u010dern\u00e9 preteky v&nbsp;boulderingu. Na v\u0161etk\u00fdch bude na Brutalke \u010dak\u00e1\u0165 zbrusu nov\u00fdch 25 brut\u00e1l bouldrov. S\u00fa\u0165a\u017e bude prebieha\u0165 od 17:00 do 21:00. Medzi s\u00fa\u0165a\u017en\u00fdmi bouldrami sa m\u00f4\u017eete te\u0161i\u0165 na: DnB\/Techno\/Psy mixy Pivko a Kofola Brutal [&hellip;]","og_url":"https:\/\/www.brutalka.sk\/?page_id=809","og_site_name":"Brutalka","article_modified_time":"2023-12-21T09:30:49+00:00","og_image":[{"url":"https:\/\/www.brutalka.sk\/wp-content\/uploads\/2023\/12\/Bomba5_compressed-1-724x1024.jpeg"}],"twitter_card":"summary_large_image","twitter_misc":{"Predpokladan\u00fd \u010das \u010d\u00edtania":"1 min\u00fata"},"schema":{"@context":"https:\/\/schema.org","@graph":[{"@type":"WebSite","@id":"https:\/\/www.brutalka.sk\/#website","url":"https:\/\/www.brutalka.sk\/","name":"Brutalka","description":"","potentialAction":[{"@type":"SearchAction","target":{"@type":"EntryPoint","urlTemplate":"https:\/\/www.brutalka.sk\/?s={search_term_string}"},"query-input":"required name=search_term_string"}],"inLanguage":"sk-SK"},{"@type":"ImageObject","@id":"https:\/\/www.brutalka.sk\/?page_id=809#primaryimage","inLanguage":"sk-SK","url":"https:\/\/www.brutalka.sk\/wp-content\/uploads\/2023\/12\/Bomba5_compressed-1-scaled.jpeg","contentUrl":"https:\/\/www.brutalka.sk\/wp-content\/uploads\/2023\/12\/Bomba5_compressed-1-scaled.jpeg","width":1809,"height":2560},{"@type":"WebPage","@id":"https:\/\/www.brutalka.sk\/?page_id=809#webpage","url":"https:\/\/www.brutalka.sk\/?page_id=809","name":"\ud83d\udea8 BOULDER BOMBA #5 \ud83d\udea8 - Brutalka","isPartOf":{"@id":"https:\/\/www.brutalka.sk\/#website"},"primaryImageOfPage":{"@id":"https:\/\/www.brutalka.sk\/?page_id=809#primaryimage"},"datePublished":"2023-06-01T12:50:41+00:00","dateModified":"2023-12-21T09:30:49+00:00","breadcrumb":{"@id":"https:\/\/www.brutalka.sk\/?page_id=809#breadcrumb"},"inLanguage":"sk-SK","potentialAction":[{"@type":"ReadAction","target":["https:\/\/www.brutalka.sk\/?page_id=809"]}]},{"@type":"BreadcrumbList","@id":"https:\/\/www.brutalka.sk\/?page_id=809#breadcrumb","itemListElement":[{"@type":"ListItem","position":1,"name":"Home","item":"https:\/\/www.brutalka.sk\/"},{"@type":"ListItem","position":2,"name":"\u00davod","item":"https:\/\/www.brutalka.sk\/"},{"@type":"ListItem","position":3,"name":"\ud83d\udea8 BOULDER BOMBA #5 \ud83d\udea8"}]}]}},"_links":{"self":[{"href":"https:\/\/www.brutalka.sk\/index.php?rest_route=\/wp\/v2\/pages\/809","targetHints":{"allow":["GET"]}}],"collection":[{"href":"https:\/\/www.brutalka.sk\/index.php?rest_route=\/wp\/v2\/pages"}],"about":[{"href":"https:\/\/www.brutalka.sk\/index.php?rest_route=\/wp\/v2\/types\/page"}],"author":[{"embeddable":true,"href":"https:\/\/www.brutalka.sk\/index.php?rest_route=\/wp\/v2\/users\/1"}],"replies":[{"embeddable":true,"href":"https:\/\/www.brutalka.sk\/index.php?rest_route=%2Fwp%2Fv2%2Fcomments&post=809"}],"version-history":[{"count":6,"href":"https:\/\/www.brutalka.sk\/index.php?rest_route=\/wp\/v2\/pages\/809\/revisions"}],"predecessor-version":[{"id":958,"href":"https:\/\/www.brutalka.sk\/index.php?rest_route=\/wp\/v2\/pages\/809\/revisions\/958"}],"up":[{"embeddable":true,"href":"https:\/\/www.brutalka.sk\/index.php?rest_route=\/wp\/v2\/pages\/118"}],"wp:attachment":[{"href":"https:\/\/www.brutalka.sk\/index.php?rest_route=%2Fwp%2Fv2%2Fmedia&parent=809"}],"curies":[{"name":"wp","href":"https:\/\/api.w.org\/{rel}","templated":true}]}}